{"id":66,"date":"2024-08-16T15:05:13","date_gmt":"2024-08-16T15:05:13","guid":{"rendered":"http:\/\/temp.4save.pl\/?page_id=66"},"modified":"2024-10-22T12:08:54","modified_gmt":"2024-10-22T12:08:54","slug":"awards-and-certificates","status":"publish","type":"page","link":"https:\/\/4save.pl\/pl_PL\/company\/awards-and-certificates\/","title":{"rendered":"Nagrody i Certyfikaty"},"content":{"rendered":"<div class=\"wpb-content-wrapper\">[mk_page_section bg_image=&#8221;https:\/\/4save.pl\/wp-content\/uploads\/2024\/10\/about-us.jpg&#8221; attachment=&#8221;fixed&#8221; bg_position=&#8221;center center&#8221; bg_repeat=&#8221;no-repeat&#8221; bg_stretch=&#8221;true&#8221; min_height=&#8221;300&#8243; sidebar=&#8221;sidebar-1&#8243;][vc_column][mk_fancy_title strip_tags=&#8221;true&#8221; color=&#8221;#fdfdfd&#8221; size=&#8221;50&#8243; letter_spacing=&#8221;3&#8243; margin_top=&#8221;100&#8243; margin_bottom=&#8221;0&#8243; font_family=&#8221;none&#8221; align=&#8221;center&#8221;]\n<p style=\"text-align: center;\">Nagrody i Certyfikaty<\/p>\n[\/mk_fancy_title][\/vc_column][\/mk_page_section][vc_row][vc_column][mk_padding_divider][vc_column_text css=&#8221;.vc_custom_1729458230215{margin-bottom: 0px !important;}&#8221;]Uznaj\u0105c potrzeb\u0119 ci\u0105g\u0142ego doskonalenia podj\u0119li\u015bmy decyzj\u0119 o wprowadzeniu w firmie systemu zarz\u0105dzenia jako\u015bci\u0105. Decyzja ta wynika\u0142a z przekonania, \u017ce firma EDDC zapewnia wysoki standard jako\u015bci na wszystkich etapach projektowania i\u00a0 produkcji. Potwierdzeniem tego jest uzyskanie CERTYFIKATU SYSTEMU ZARZ\u0104DZANIA zgodnego z wymaganiami PN-EN ISO 9001:2015-10 w zakresie projektowania produkcji i sprzeda\u017cy uk\u0142ad\u00f3w elektronicznych.[\/vc_column_text][mk_padding_divider size=&#8221;20&#8243;][mk_gallery images=&#8221;406,407,411&#8243; image_size=&#8221;full&#8221; hover_scenarios=&#8221;none&#8221; el_class=&#8221;cert&#8221;][mk_padding_divider size=&#8221;20&#8243;][\/vc_column][\/vc_row][vc_row][vc_column][vc_column_text]\n[\/vc_column_text][\/vc_column][\/vc_row]\n<\/div>","protected":false},"excerpt":{"rendered":"<p>[mk_page_section bg_image=&#8221;https:\/\/4save.pl\/wp-content\/uploads\/2024\/10\/about-us.jpg&#8221; attachment=&#8221;fixed&#8221; bg_position=&#8221;center center&#8221; bg_repeat=&#8221;no-repeat&#8221; bg_stretch=&#8221;true&#8221; min_height=&#8221;300&#8243; sidebar=&#8221;sidebar-1&#8243;][vc_column][mk_fancy_title strip_tags=&#8221;tr&#8230;<\/p>\n","protected":false},"author":1,"featured_media":0,"parent":109,"menu_order":0,"comment_status":"closed","ping_status":"closed","template":"","meta":{"footnotes":""},"class_list":["post-66","page","type-page","status-publish","hentry"],"_links":{"self":[{"href":"https:\/\/4save.pl\/pl_PL\/wp-json\/wp\/v2\/pages\/66","targetHints":{"allow":["GET"]}}],"collection":[{"href":"https:\/\/4save.pl\/pl_PL\/wp-json\/wp\/v2\/pages"}],"about":[{"href":"https:\/\/4save.pl\/pl_PL\/wp-json\/wp\/v2\/types\/page"}],"author":[{"embeddable":true,"href":"https:\/\/4save.pl\/pl_PL\/wp-json\/wp\/v2\/users\/1"}],"replies":[{"embeddable":true,"href":"https:\/\/4save.pl\/pl_PL\/wp-json\/wp\/v2\/comments?post=66"}],"version-history":[{"count":27,"href":"https:\/\/4save.pl\/pl_PL\/wp-json\/wp\/v2\/pages\/66\/revisions"}],"predecessor-version":[{"id":617,"href":"https:\/\/4save.pl\/pl_PL\/wp-json\/wp\/v2\/pages\/66\/revisions\/617"}],"up":[{"embeddable":true,"href":"https:\/\/4save.pl\/pl_PL\/wp-json\/wp\/v2\/pages\/109"}],"wp:attachment":[{"href":"https:\/\/4save.pl\/pl_PL\/wp-json\/wp\/v2\/media?parent=66"}],"curies":[{"name":"wp","href":"https:\/\/api.w.org\/{rel}","templated":true}]}}