{"id":44,"date":"2024-08-16T14:03:12","date_gmt":"2024-08-16T14:03:12","guid":{"rendered":"http:\/\/temp.4save.pl\/?page_id=44"},"modified":"2024-10-23T14:29:19","modified_gmt":"2024-10-23T14:29:19","slug":"controller-best","status":"publish","type":"page","link":"https:\/\/4save.pl\/pl_PL\/controllers\/controller-best\/","title":{"rendered":"Sterownik BEST"},"content":{"rendered":"<div class=\"wpb-content-wrapper\">[mk_page_section bg_color=&#8221;#3b7bbf&#8221; bg_stretch=&#8221;true&#8221; min_height=&#8221;50&#8243; full_width=&#8221;true&#8221; padding_top=&#8221;20&#8243; padding_bottom=&#8221;0&#8243; margin_bottom=&#8221;20&#8243; sidebar=&#8221;sidebar-1&#8243;][vc_column][mk_fancy_title strip_tags=&#8221;true&#8221; color=&#8221;#fdfdfd&#8221; size=&#8221;30&#8243; letter_spacing=&#8221;3&#8243; margin_bottom=&#8221;0&#8243; font_family=&#8221;none&#8221; align=&#8221;center&#8221;]\n<h2 style=\"text-align: center;\">Sterownik BEST<\/h2>\n[\/mk_fancy_title][\/vc_column][\/mk_page_section][mk_page_section bg_position=&#8221;center center&#8221; bg_repeat=&#8221;no-repeat&#8221; min_height=&#8221;160&#8243; padding_top=&#8221;20&#8243; padding_bottom=&#8221;0&#8243; sidebar=&#8221;sidebar-1&#8243;][vc_column][mk_image src=&#8221;https:\/\/4save.pl\/wp-content\/uploads\/2024\/10\/systems.png&#8221; align=&#8221;center&#8221; crop=&#8221;false&#8221;][\/vc_column][\/mk_page_section][mk_page_section padding_top=&#8221;0&#8243; padding_bottom=&#8221;0&#8243; sidebar=&#8221;sidebar-1&#8243;][vc_column][mk_image src=&#8221;http:\/\/4save.pl\/wp-content\/uploads\/2024\/09\/controler-4save-eu-best-pl.png&#8221; image_size=&#8221;full&#8221; align=&#8221;center&#8221; crop=&#8221;false&#8221;][\/vc_column][\/mk_page_section][mk_page_section el_class=&#8221;brak&#8221; sidebar=&#8221;sidebar-1&#8243;][vc_column][vc_row_inner][vc_column_inner][vc_column_text disable_pattern=&#8221;false&#8221;]\n<h3 style=\"text-align: left;\">Zalety<\/h3>\n<ul>\n<li>24 pinowy sterownik LPG\/CNG\u00a0 z wbudowanym OBD (CAN I K-LINE),<\/li>\n<li>dedykowany do najbardziej wymagaj\u0105cych 4 cylindrowych silnik\u00f3w,<\/li>\n<li>automatyczny system autoadaptacji (tune<sub>OBD<\/sub>),<\/li>\n<li>rozbudowany skaner OBD z automatycznym kasowaniem b\u0142\u0119d\u00f3w,<\/li>\n<li>mo\u017cliwo\u015b\u0107 rozbudowy o dodatkowe urz\u0105dzenia zewn\u0119trzne,<\/li>\n<li>algorytm zabezpieczaj\u0105cy przed klonowaniem,<\/li>\n<li>szczelna kompozytowo-aluminiowa obudowa,<\/li>\n<li>szybki i \u0142atwy monta\u017c<\/li>\n<\/ul>\n[\/vc_column_text][\/vc_column_inner][\/vc_row_inner][\/vc_column][\/mk_page_section][mk_page_section bg_position=&#8221;center center&#8221; bg_repeat=&#8221;no-repeat&#8221; min_height=&#8221;200&#8243; js_vertical_centered=&#8221;true&#8221; sidebar=&#8221;sidebar-1&#8243;][vc_column][vc_row_inner css=&#8221;.vc_custom_1726066555553{background-color: #3b7bbf !important;}&#8221; el_class=&#8221;info-color-bg&#8221;][vc_column_inner][mk_fancy_title tag_name=&#8221;h6&#8243; color=&#8221;#fdfdfd&#8221; size=&#8221;20&#8243; margin_bottom=&#8221;0&#8243; font_family=&#8221;none&#8221; align=&#8221;center&#8221;]\n<p style=\"text-align: center;\">BEST to sterownik stworzony specjalnie do najbardziej wymagaj\u0105cych 1-4 cylindrowych silnik\u00f3w z po\u015brednim wtryskiem paliwa.<\/p>\n[\/mk_fancy_title][\/vc_column_inner][\/vc_row_inner][\/vc_column][\/mk_page_section][vc_row][vc_column][vc_column_text disable_pattern=&#8221;false&#8221; el_class=&#8221;blue-check-h3&#8243; css=&#8221;.vc_custom_1729693756339{margin-bottom: 0px !important;}&#8221;]\n<h3>Jazda jak na benzynie<\/h3>\n<p><strong><u>Idealne automatyczne dostrojenie<\/u><\/strong> sterownika do silnika (Tune<sub>OBD<\/sub> i Tune) \u2013 brak problem\u00f3w z kontrolk\u0105 check engine.<\/p>\n<p>System autoadaptacji (Tune, Tune<sub>OBD<\/sub>) &#8211; automatycznie dostraja sterownik do najbardziej optymalnych parametr\u00f3w pracy tak aby silnik otrzymywa\u0142 prawid\u0142ow\u0105 mieszank\u0119 i system diagnostyki pok\u0142adowej nie wykrywa\u0142 \u017cadnych nieprawid\u0142owo\u015bci. Dodatkowo Tune<sub>OBD<\/sub> korzysta w trybie online z parametr\u00f3w odczytywanych poprzez OBD, co poprawia jeszcze precyzj\u0119 dostrojenia.<\/p>\n<h3>10% mniejsze zu\u017cycie gazu<\/h3>\n<p><strong><u>Zmniejszone o min. 10% zu\u017cycie gazu<\/u><\/strong> w stosunku do standardowych system\u00f3w.<\/p>\n<h3>Wsparcie dla samochod\u00f3w hybrydowych<u><br \/>\n<\/u><\/h3>\n<p>Pe\u0142ne wsparcie dla <strong><span style=\"text-decoration: underline;\">samochod\u00f3w hybrydowych i z funkcj\u0105 START-STOP<\/span><\/strong> \u2013 bezpieczne wy\u0142\u0105czenie elektrozaworu.<\/p>\n<h3>Ochrona zawor\u00f3w silnika<\/h3>\n<p>Wbudowana <strong><span style=\"text-decoration: underline;\">funkcja ochrony zawor\u00f3w silnika<\/span><\/strong> \u2013 minimalizuje zjawisko zmniejszania si\u0119 luzu zaworowego przy je\u017adzie na LPG\/CNG.<\/p>\n<h3>Skaner OBD (CAN i K-LINE)<\/h3>\n<p><strong><u>Rozbudowany skaner OBD<\/u><\/strong> z automatycznym kasowaniem b\u0142\u0119d\u00f3w &#8211; po\u0142\u0105czenie z OBD (CAN i K-LINE).<\/p>\n<ul>\n<li>ISO 9141-2<\/li>\n<li>ISO 14230-4 5 baud<\/li>\n<li>ISO 14230-4 fast init<\/li>\n<li>CAN STD 250K<\/li>\n<li>CAN STD 500K<\/li>\n<li>CAN EXT 250K<\/li>\n<li>CAN EXT 500K<\/li>\n<\/ul>\n<p>Dzi\u0119ki obs\u0142udze tak du\u017cej ilo\u015bci interfejs\u00f3w jeste\u015bmy w stanie po\u0142\u0105czy\u0107 si\u0119 z OBD praktycznie w ka\u017cdym nowoczesnym samochodzie.<\/p>\n<p>Sterownik posiada rozbudowany skaner parametr\u00f3w OBD, dzi\u0119ki kt\u00f3remu mo\u017cemy obserwowa\u0107 parametry pracy silnika dost\u0119pne poprzez protok\u00f3\u0142 OBD. Dodatkowo sterownik mo\u017ce usuwa\u0107 usterki OBD, kt\u00f3re wyst\u0105pi\u0142y podczas pracy silnika.<\/p>\n<h3>Najwy\u017csza jako\u015b\u0107<\/h3>\n<p><strong><span style=\"text-decoration: underline;\">Najwy\u017csza jako\u015b\u0107 i niezawodno\u015b\u0107<\/span><\/strong> \u2013 zastosowanie komponent\u00f3w automotive (32 bitowy procesor PowerPC).<\/p>\n<p><strong>32-bitowy<\/strong> nowoczesny procesor steruj\u0105cy prac\u0105 naszego systemu, kt\u00f3ry pochodzi z bran\u017cy <strong>automotive<\/strong> i jest stosowany w fabrycznych komputerach steruj\u0105cych OEM.<\/p>\n<h3>Precyzyjne dawkowanie<\/h3>\n<p>Dzi\u0119ki zastosowaniu tak mocnej jednostki steruj\u0105cej bardzo dok\u0142adnie mierzymy pod\u0142\u0105czone sygna\u0142y. Jednym z najwa\u017cniejszych sygna\u0142\u00f3w, kt\u00f3ry jest przetwarzany to czas wtrysku benzyny, kt\u00f3ry jest mierzony przez nasz system z rozdzielczo\u015bci\u0105 0,001 [ms] \u2013 <strong>1 mikrosekunda<\/strong>.<\/p>\n<h3>Wankel, Valvetronic<\/h3>\n<p>Obs\u0142uga silnik\u00f3w <strong><span style=\"text-decoration: underline;\">Wankel<\/span> <\/strong>oraz <strong><span style=\"text-decoration: underline;\">Valvetronic<\/span> <\/strong>\u2013 dost\u0119pne mapy wtrysku benzyny oraz autoadaptacja jak w standardowym silniku.<\/p>\n<h3>Zmiana kolejno\u015bci wtrysku gazu<\/h3>\n<p><strong><span style=\"text-decoration: underline;\">Zmiana kolejno\u015bci wtrysku gazu<\/span><\/strong>, mo\u017cliwo\u015b\u0107 zamiany wtryskiwaczy gazowych w przypadku pomy\u0142ki \u2013 p\u0142ynne prze\u0142\u0105czanie w obu trybach.<\/p>\n<h3>Dok\u0142adne wy\u015bwietlanie poziomu gazu<\/h3>\n<p><strong><span style=\"text-decoration: underline;\">Dok\u0142adne wy\u015bwietlanie poziomu gazu<\/span><\/strong> \u2013 koniec problem\u00f3w z nieprawid\u0142owym wskazaniem gazu dzi\u0119ki VLS.<\/p>\n<h3>Szybka konfiguracja systemu<\/h3>\n<p><strong><span style=\"text-decoration: underline;\">Szybka konfiguracja systemu<\/span><\/strong> \u2013 nowoczesny i przyjazny instalatorowi program diagnostyczny.<\/p>\n<p>Do konfiguracji systemu opracowany zosta\u0142 bardzo nowoczesny i przyjazny instalatorowi program diagnostyczny. Program automatycznie dopasowuje si\u0119 do rozdzielczo\u015bci ekranu i w bardzo czytelny spos\u00f3b umo\u017cliwia konfiguracj\u0119 systemu. Program zosta\u0142 opracowany w taki spos\u00f3b aby jego wygl\u0105d mo\u017cna by\u0142o w dowolny spos\u00f3b dostosowa\u0107 do Twojej marki w przypadku gdy chcia\u0142by\u015b sprzedawa\u0107 nasze systemy pod swoj\u0105 mark\u0105. Do komunikacji z aplikacj\u0105 mo\u017cna u\u017cy\u0107 standardowego interfejsu komunikacyjnego USB lub bluetooth.<\/p>\n<h3>Du\u017ce mo\u017cliwo\u015bci konfiguracyjne<\/h3>\n<p>Sterownik zosta\u0142 wyposa\u017cony w szeregi dodatkowych opcji konfiguracyjnych min w <strong><span style=\"text-decoration: underline;\">dynamiczne mapy korekcji<\/span><\/strong>:<br \/>\n\u2022 dynamiczna mapa korekcji od obrot\u00f3w<br \/>\n\u2022 dynamiczne mapy korekcji od: ci\u015bnienia gazu, temperatury gazu, temperatury reduktora<br \/>\n\u2022 dynamiczna mapa dolewania benzyny (ochrona zawor\u00f3w)<\/p>\n<p>Dzi\u0119ki tym narz\u0119dziom nawet najbardziej wymagaj\u0105ce samochody mo\u017cna w \u0142atwy i przejrzysty spos\u00f3b skalibrowa\u0107 i zapewni\u0107 ich prawid\u0142ow\u0105 prac\u0119.<\/p>\n<h3>Tylko oryginalne produkty<\/h3>\n<p><span style=\"text-decoration: underline;\"><strong>Brak ryzyka zakupienia nieoryginalnego sterownika<\/strong><\/span> &#8211; algorytm zabezpieczaj\u0105cy przed klonowaniem zaszyty w sterowniku.<\/p>\n<h3>Obs\u0142uga wielu wtryskiwaczy<\/h3>\n<p><strong><span style=\"text-decoration: underline;\">Obs\u0142uga wielu wtryskiwaczy gazowych<\/span><\/strong> \u2013 mo\u017cliwo\u015b\u0107 wsp\u00f3\u0142pracy z wtryskiwaczami o rezystancji &gt;= 1[\u03a9].<\/p>\n<h3>Szybki monta\u017c<\/h3>\n<p><strong><span style=\"text-decoration: underline;\">Ma\u0142a ilo\u015b\u0107 przewod\u00f3w do pod\u0142\u0105czenia<\/span><\/strong> \u2013 ma\u0142a i szczelna kompozytowo-aluminiowa obudowa z 24 pinowym z\u0142\u0105czem (unikalne rozwi\u0105zanie).<\/p>\n<h3>Wysokiej jako\u015bci czujnik ci\u015bnienia<\/h3>\n<p><strong><span style=\"text-decoration: underline;\">Wysokiej jako\u015bci zintegrowany czujnik ci\u015bnienia, podci\u015bnienia oraz temperatury gazu PMT-01<\/span><\/strong> zapewniaj\u0105cy dok\u0142adno\u015b\u0107 i szybki monta\u017c.<\/p>\n<h3>Ma\u0142y i \u0142atwy w monta\u017cu prze\u0142\u0105cznik<\/h3>\n<p><strong><span style=\"text-decoration: underline;\">Ma\u0142y i \u0142atwy w monta\u017cu prze\u0142\u0105cznik<\/span><\/strong> z wbudowanym buzerem oraz dodatkow\u0105 kontrolk\u0105 informuj\u0105c\u0105 kierowc\u0119 o konieczno\u015bci wykonania przegl\u0105du lub b\u0142\u0119dach systemu.<\/p>\n<h3>Rozbudowana diagnostyka<\/h3>\n<p><strong><span style=\"text-decoration: underline;\">\u0141atwa diagnostyka b\u0142\u0119d\u00f3w i sytuacji awaryjnych<\/span><\/strong> \u2013 zaawansowana historia zdarze\u0144 zapisywana w sterowniku.<\/p>\n<h3>Kompatybilny<\/h3>\n<p><strong><span style=\"text-decoration: underline;\">Mo\u017cliwo\u015b\u0107 zast\u0105pienia sterownikiem 4SAVE ECO<\/span><\/strong> bez konieczno\u015bci zmiany wi\u0105zki.[\/vc_column_text][mk_padding_divider size=&#8221;20&#8243;][\/vc_column][\/vc_row][mk_page_section bg_color=&#8221;#3b7bbf&#8221; bg_stretch=&#8221;true&#8221; min_height=&#8221;50&#8243; full_width=&#8221;true&#8221; padding_top=&#8221;20&#8243; padding_bottom=&#8221;0&#8243; sidebar=&#8221;sidebar-1&#8243;][vc_column][mk_fancy_title strip_tags=&#8221;true&#8221; color=&#8221;#fdfdfd&#8221; size=&#8221;30&#8243; letter_spacing=&#8221;3&#8243; margin_bottom=&#8221;0&#8243; font_family=&#8221;none&#8221; align=&#8221;center&#8221;]\n<h2 style=\"text-align: center;\">Komponenty systemu 4SAVE<\/h2>\n[\/mk_fancy_title][\/vc_column][\/mk_page_section][vc_row][vc_column][mk_padding_divider size=&#8221;20&#8243;][vc_column_text disable_pattern=&#8221;false&#8221; css=&#8221;.vc_custom_1726069012376{margin-bottom: 0px !important;}&#8221;]\n<h3 style=\"text-align: center;\">Sterownik LPG\/CNG<\/h3>\n[\/vc_column_text][mk_image src=&#8221;http:\/\/4save.pl\/wp-content\/uploads\/2024\/09\/sterownik-4save-best.png&#8221; image_size=&#8221;full&#8221; align=&#8221;center&#8221;][\/vc_column][\/vc_row][vc_row][vc_column width=&#8221;1\/3&#8243;][mk_image src=&#8221;http:\/\/4save.pl\/wp-content\/uploads\/2024\/09\/panel.png&#8221; image_size=&#8221;full&#8221; align=&#8221;center&#8221;][vc_column_text disable_pattern=&#8221;false&#8221; css=&#8221;.vc_custom_1728756244012{margin-bottom: 0px !important;}&#8221;]Panel steruj\u0105cy montowany w kabinie pasa\u017cerskiej posiadaj\u0105cy zintegrowany buzzer oraz pe\u0142ne wskazanie poziomu gazu w zbiorniku. Dodatkowa kontrolka do sygnalizacji stan\u00f3w awaryjnych systemu.[\/vc_column_text][\/vc_column][vc_column width=&#8221;1\/3&#8243;][mk_image src=&#8221;http:\/\/4save.pl\/wp-content\/uploads\/2024\/09\/wiazka24.png&#8221; image_size=&#8221;full&#8221; align=&#8221;center&#8221;][vc_column_text disable_pattern=&#8221;false&#8221; css=&#8221;.vc_custom_1728756248129{margin-bottom: 0px !important;}&#8221;]Wysokiej jako\u015bci wi\u0105zka pod\u0142\u0105czeniowa. Szybki i \u0142atwy monta\u017c dzi\u0119ki zoptymalizowanej ilo\u015bci przewod\u00f3w.[\/vc_column_text][\/vc_column][vc_column width=&#8221;1\/3&#8243;][mk_image src=&#8221;http:\/\/4save.pl\/wp-content\/uploads\/2024\/09\/czujnik-cisnienia.png&#8221; image_size=&#8221;full&#8221; align=&#8221;center&#8221;][vc_column_text disable_pattern=&#8221;false&#8221; css=&#8221;.vc_custom_1728756253196{margin-bottom: 0px !important;}&#8221;]Zintegrowany czujnik ci\u015bnienia oraz temperatury gazu PMT-01, posiadaj\u0105cy 2 niezale\u017cne czujniki: ci\u015bnienia gazu i podci\u015bnienia w kolektorze ss\u0105cym.[\/vc_column_text][\/vc_column][\/vc_row][vc_row][vc_column][mk_padding_divider][\/vc_column][\/vc_row][mk_page_section border_color=&#8221;#38913a&#8221; attachment=&#8221;fixed&#8221; bg_stretch=&#8221;true&#8221; min_height=&#8221;50&#8243; full_width=&#8221;true&#8221; padding_top=&#8221;20&#8243; padding_bottom=&#8221;0&#8243; margin_bottom=&#8221;20&#8243; sidebar=&#8221;sidebar-1&#8243;][vc_column][mk_fancy_title color=&#8221;#fdfdfd&#8221; size=&#8221;25&#8243; letter_spacing=&#8221;3&#8243; margin_bottom=&#8221;0&#8243; font_family=&#8221;none&#8221; align=&#8221;center&#8221;]\n<h3><strong><a href=\"\/controllers\/\">Zestawienie funkcji i opcji sterownik\u00f3w 4save<\/a><\/strong><\/h3>\n[\/mk_fancy_title][\/vc_column][\/mk_page_section]\n<\/div>","protected":false},"excerpt":{"rendered":"<p>[mk_page_section bg_color=&#8221;#3b7bbf&#8221; bg_stretch=&#8221;true&#8221; min_height=&#8221;50&#8243; full_width=&#8221;true&#8221; padding_top=&#8221;20&#8243; padding_bottom=&#8221;0&#8243; margin_bottom=&#8221;20&#8243; sidebar=&#8221;sidebar-1&#8243;][vc_column][mk_fancy_title strip_tags=&#8221;true&#8221; color=&#8221;#fdfdfd&#8221; size=&#8221;30&#8243; letter_spacing=&#8221;&#8230;<\/p>\n","protected":false},"author":1,"featured_media":0,"parent":58,"menu_order":0,"comment_status":"closed","ping_status":"closed","template":"","meta":{"footnotes":""},"class_list":["post-44","page","type-page","status-publish","hentry"],"_links":{"self":[{"href":"https:\/\/4save.pl\/pl_PL\/wp-json\/wp\/v2\/pages\/44","targetHints":{"allow":["GET"]}}],"collection":[{"href":"https:\/\/4save.pl\/pl_PL\/wp-json\/wp\/v2\/pages"}],"about":[{"href":"https:\/\/4save.pl\/pl_PL\/wp-json\/wp\/v2\/types\/page"}],"author":[{"embeddable":true,"href":"https:\/\/4save.pl\/pl_PL\/wp-json\/wp\/v2\/users\/1"}],"replies":[{"embeddable":true,"href":"https:\/\/4save.pl\/pl_PL\/wp-json\/wp\/v2\/comments?post=44"}],"version-history":[{"count":45,"href":"https:\/\/4save.pl\/pl_PL\/wp-json\/wp\/v2\/pages\/44\/revisions"}],"predecessor-version":[{"id":634,"href":"https:\/\/4save.pl\/pl_PL\/wp-json\/wp\/v2\/pages\/44\/revisions\/634"}],"up":[{"embeddable":true,"href":"https:\/\/4save.pl\/pl_PL\/wp-json\/wp\/v2\/pages\/58"}],"wp:attachment":[{"href":"https:\/\/4save.pl\/pl_PL\/wp-json\/wp\/v2\/media?parent=44"}],"curies":[{"name":"wp","href":"https:\/\/api.w.org\/{rel}","templated":true}]}}