{"id":273,"date":"2024-09-11T18:32:12","date_gmt":"2024-09-11T18:32:12","guid":{"rendered":"http:\/\/temp.4save.pl\/?page_id=273"},"modified":"2024-10-23T13:57:45","modified_gmt":"2024-10-23T13:57:45","slug":"controller-direct","status":"publish","type":"page","link":"https:\/\/4save.pl\/pl_PL\/controllers\/controller-direct\/","title":{"rendered":"Sterownik DIRECT"},"content":{"rendered":"<div class=\"wpb-content-wrapper\">[mk_page_section bg_color=&#8221;#902e8d&#8221; bg_stretch=&#8221;true&#8221; min_height=&#8221;50&#8243; full_width=&#8221;true&#8221; padding_top=&#8221;20&#8243; padding_bottom=&#8221;0&#8243; margin_bottom=&#8221;20&#8243; sidebar=&#8221;sidebar-1&#8243;][vc_column][mk_fancy_title strip_tags=&#8221;true&#8221; color=&#8221;#fdfdfd&#8221; size=&#8221;30&#8243; letter_spacing=&#8221;3&#8243; margin_bottom=&#8221;0&#8243; font_family=&#8221;none&#8221; align=&#8221;center&#8221;]\n<h2 style=\"text-align: center;\">Sterownik DIRECT<\/h2>\n[\/mk_fancy_title][\/vc_column][\/mk_page_section][mk_page_section bg_position=&#8221;center center&#8221; min_height=&#8221;160&#8243; padding_top=&#8221;20&#8243; padding_bottom=&#8221;0&#8243; sidebar=&#8221;sidebar-1&#8243;][vc_column][mk_image src=&#8221;https:\/\/4save.pl\/wp-content\/uploads\/2024\/10\/systems.png&#8221; image_width=&#8221;950&#8243; image_height=&#8221;450&#8243; align=&#8221;center&#8221; crop=&#8221;false&#8221;][\/vc_column][\/mk_page_section][mk_page_section padding_top=&#8221;0&#8243; padding_bottom=&#8221;0&#8243; sidebar=&#8221;sidebar-1&#8243;][vc_column][mk_image src=&#8221;http:\/\/4save.pl\/wp-content\/uploads\/2024\/09\/controler-4save-eu-direct-4-pl.png&#8221; image_size=&#8221;full&#8221; align=&#8221;center&#8221; crop=&#8221;false&#8221;][\/vc_column][\/mk_page_section][mk_page_section el_class=&#8221;brak&#8221; sidebar=&#8221;sidebar-1&#8243;][vc_column][vc_row_inner][vc_column_inner][vc_column_text disable_pattern=&#8221;false&#8221; css=&#8221;.vc_custom_1726659110040{margin-bottom: 0px !important;}&#8221;]\n<h3>Zalety MAXXXX<\/h3>\n<ul>\n<li>56 pinowy sterownik LPG\/CNG\u00a0 z wbudowanym OBD (CAN I K-LINE),<\/li>\n<li>dedykowany do najbardziej wymagaj\u0105cych 8 cylindrowych silnik\u00f3w,<\/li>\n<li>automatyczny system autoadaptacji (tune<sub>OBD<\/sub>), dwa niezale\u017cne banki,<\/li>\n<li>rozbudowany skaner OBD z automatycznym kasowaniem b\u0142\u0119d\u00f3w,<\/li>\n<li>mo\u017cliwo\u015b\u0107 rozbudowy o dodatkowe urz\u0105dzenia zewn\u0119trzne,<\/li>\n<li>algorytm zabezpieczaj\u0105cy przed klonowaniem,<\/li>\n<li>wbudowany emulator ci\u015bnienia paliwa oraz poziomu paliwa,<\/li>\n<li>mo\u017cliwo\u015b\u0107 pod\u0142\u0105czenia dw\u00f3ch s\u0105d lambda napi\u0119ciowych,<\/li>\n<li>szczelna aluminiowa obudowa<\/li>\n<\/ul>\n[\/vc_column_text][\/vc_column_inner][\/vc_row_inner][\/vc_column][\/mk_page_section][mk_page_section bg_position=&#8221;center center&#8221; bg_repeat=&#8221;no-repeat&#8221; min_height=&#8221;200&#8243; js_vertical_centered=&#8221;true&#8221; sidebar=&#8221;sidebar-1&#8243;][vc_column][vc_row_inner attached=&#8221;true&#8221; is_fullwidth_content=&#8221;false&#8221; css=&#8221;.vc_custom_1726079187271{background-color: #902e8d !important;}&#8221; el_class=&#8221;info-color-bg&#8221;][vc_column_inner][mk_fancy_title color=&#8221;#fdfdfd&#8221; size=&#8221;20&#8243; margin_bottom=&#8221;0&#8243; font_family=&#8221;none&#8221; align=&#8221;center&#8221;]\n<p style=\"text-align: center;\">Direct to system stworzony do najbardziej wymagaj\u0105cych 1-8 cylindrowych silnik\u00f3w z bezpo\u015brednim wtryskiem paliwa.<\/p>\n[\/mk_fancy_title][\/vc_column_inner][\/vc_row_inner][\/vc_column][\/mk_page_section][vc_row][vc_column][vc_column_text disable_pattern=&#8221;false&#8221; el_class=&#8221;purple-check-h3&#8243; css=&#8221;.vc_custom_1729691862128{margin-bottom: 0px !important;}&#8221;]\n<h3>Uniwersalne rozwi\u0105zanie<\/h3>\n<p>4SAVE Direct sk\u0142ada si\u0119 ze sterownika 4SAVE MAX oraz emulatora wtryskiwaczy benzynowych 4SAVE Direct E-4.<\/p>\n<h3>DI + MPI<\/h3>\n<p><strong><u>Obs\u0142uga silnik\u00f3w z wtryskiem dualnym DI + MPI<\/u><\/strong>.<\/p>\n<h3>Niskie zu\u017cycie benzyny<\/h3>\n<p><strong><u>Zu\u017cycie benzyny przy pracy na gazie na poziomie 10%<\/u><\/strong> &#8211; zaawansowany algorytm ochrony wtryskiwaczy benzynowych przy pracy na gazie.<\/p>\n<h3>Emulacja wtryskiwaczy benzynowych<\/h3>\n<p><strong><u>Automatyczna emulacja wtryskiwaczy benzynowych<\/u><\/strong> (brak konieczno\u015bci dobierania pr\u0105du emulacji).<\/p>\n<h3>Emulacja ci\u015bnienia benzyny<\/h3>\n<p><strong><u>Prawid\u0142owa obs\u0142uga czujnika ci\u015bnienia benzyny<\/u><\/strong> \u2013 zaawansowany algorytm emulacji ci\u015bnienia benzyny.<\/p>\n<h3>Jazda jak na benzynie<\/h3>\n<p><strong><u>Idealne automatyczne dostrojenie<\/u><\/strong> sterownika do silnika (Tune<sub>OBD<\/sub> i Tune) \u2013 brak problem\u00f3w z kontrolk\u0105 check engine (dwa niezale\u017cne banki).<\/p>\n<h3>10% mniejsze zu\u017cycie gazu<\/h3>\n<p><strong><u>Zmniejszone o min. 10% zu\u017cycie gazu<\/u><\/strong> w stosunku do standardowych system\u00f3w<\/p>\n<h3>Wsparcie dla samochod\u00f3w hybrydowych<\/h3>\n<p>Pe\u0142ne wsparcie dla <strong><u>samochod\u00f3w hybrydowych i z funkcj\u0105 START-STOP<\/u><\/strong> \u2013 bezpieczne wy\u0142\u0105czenie elektrozaworu.<\/p>\n<h3>Emulacja wska\u017anika poziomu benzyny<\/h3>\n<p><strong><u>Prawid\u0142owe dzia\u0142anie wska\u017anika poziomu benzyny<\/u><\/strong> w samochodach, w kt\u00f3rych wyst\u0119puje problem ze wska\u017anikiem poziomu benzyny przy je\u017adzie na gazie (Honda, PSA, Lexus, Opel).<\/p>\n<h3>Ochrona zawor\u00f3w silnika<\/h3>\n<p>Wbudowana <strong><u>funkcja ochrony zawor\u00f3w silnika<\/u><\/strong> \u2013 minimalizuje zjawisko zmniejszania si\u0119 luzu zaworowego przy je\u017adzie na LPG\/CNG.<\/p>\n<h3>Skaner OBD (CAN i K-LINE)<\/h3>\n<p><strong><u>Rozbudowany skaner OBD<\/u><\/strong> z automatycznym kasowaniem b\u0142\u0119d\u00f3w &#8211; po\u0142\u0105czenie z OBD (CAN i K-LINE).<\/p>\n<h3>Najwy\u017csza jako\u015b\u0107<\/h3>\n<p><strong><u>Najwy\u017csza jako\u015b\u0107 i niezawodno\u015b\u0107<\/u><\/strong> \u2013 zastosowanie komponent\u00f3w automotive (32 bitowy procesor PowerPC).<\/p>\n<h3>Zmiana kolejno\u015bci wtrysku gazu<\/h3>\n<p><strong><u>Zmiana kolejno\u015bci wtrysku gazu<\/u><\/strong>, mo\u017cliwo\u015b\u0107 zamiany wtryskiwaczy gazowych w przypadku pomy\u0142ki \u2013 p\u0142ynne prze\u0142\u0105czanie w obu trybach.<\/p>\n<h3>Dok\u0142adne wy\u015bwietlanie poziomu gazu<\/h3>\n<p><strong><u>Dok\u0142adne wy\u015bwietlanie poziomu gazu<\/u><\/strong> \u2013 koniec problem\u00f3w z nieprawid\u0142owym wskazaniem gazu dzi\u0119ki VLS.<\/p>\n<h3>Szybka konfiguracja systemu<\/h3>\n<p><strong><u>Szybka konfiguracja systemu<\/u><\/strong> \u2013 nowoczesny i przyjazny instalatorowi program diagnostyczny.<\/p>\n<h3>Obs\u0142uga wielu wtryskiwaczy<\/h3>\n<p><strong><u>Obs\u0142uga wielu wtryskiwaczy gazowych<\/u><\/strong> \u2013 mo\u017cliwo\u015b\u0107 wsp\u00f3\u0142pracy z wtryskiwaczami o rezystancji &gt;= 1[\u03a9].<\/p>\n<h3>Dodatkowe uniwersalne wyj\u015bcie steruj\u0105ce<\/h3>\n<p><strong><u>Dodatkowe uniwersalne wyj\u015bcie steruj\u0105ce<\/u><\/strong> o wydajno\u015bci I &lt;= 0,4 [A].<\/p>\n<h3>Wysokiej jako\u015bci czujnik ci\u015bnienia<\/h3>\n<p><strong><u>Wysokiej jako\u015bci zintegrowany czujnik ci\u015bnienia, podci\u015bnienia oraz temperatury gazu PMT-01<\/u><\/strong> zapewniaj\u0105cy dok\u0142adno\u015b\u0107 i szybki monta\u017c.<\/p>\n<h3>Ma\u0142y i \u0142atwy w monta\u017cu prze\u0142\u0105cznik<\/h3>\n<p><strong><u>Ma\u0142y i \u0142atwy w monta\u017cu prze\u0142\u0105cznik<\/u><\/strong> z wbudowanym buzerem oraz dodatkow\u0105 kontrolk\u0105 informuj\u0105c\u0105 kierowc\u0119 o konieczno\u015bci wykonania przegl\u0105du lub b\u0142\u0119dach systemu.<\/p>\n<h3>Rozbudowana diagnostyka<\/h3>\n<p><strong><u>\u0141atwa diagnostyka b\u0142\u0119d\u00f3w i sytuacji awaryjnych<\/u><\/strong> \u2013 zaawansowana historia zdarze\u0144 zapisywana w sterowniku.<\/p>\n<h3>Szczelny<\/h3>\n<p><u><strong>Szczelna aluminiowa obudowa<\/strong><\/u>.[\/vc_column_text][mk_padding_divider size=&#8221;20&#8243;][\/vc_column][\/vc_row][mk_page_section bg_color=&#8221;#902e8d&#8221; bg_stretch=&#8221;true&#8221; min_height=&#8221;50&#8243; full_width=&#8221;true&#8221; padding_top=&#8221;20&#8243; padding_bottom=&#8221;0&#8243; sidebar=&#8221;sidebar-1&#8243;][vc_column][mk_fancy_title strip_tags=&#8221;true&#8221; color=&#8221;#fdfdfd&#8221; size=&#8221;30&#8243; letter_spacing=&#8221;3&#8243; margin_bottom=&#8221;0&#8243; font_family=&#8221;none&#8221; align=&#8221;center&#8221;]\n<h2 style=\"text-align: center;\">Komponenty systemu 4SAVE<\/h2>\n[\/mk_fancy_title][\/vc_column][\/mk_page_section][vc_row][vc_column][mk_padding_divider size=&#8221;20&#8243;][vc_column_text disable_pattern=&#8221;false&#8221; css=&#8221;.vc_custom_1726068747165{margin-bottom: 0px !important;}&#8221;]\n<h3 style=\"text-align: center;\">Sterownik LPG\/CNG<\/h3>\n[\/vc_column_text][mk_image src=&#8221;http:\/\/4save.pl\/wp-content\/uploads\/2024\/09\/sterownik-4save-direct.png&#8221; image_size=&#8221;full&#8221; align=&#8221;center&#8221;][\/vc_column][\/vc_row][vc_row][vc_column width=&#8221;1\/3&#8243;][mk_image src=&#8221;http:\/\/4save.pl\/wp-content\/uploads\/2024\/09\/panel.png&#8221; image_size=&#8221;full&#8221; align=&#8221;center&#8221;][vc_column_text disable_pattern=&#8221;false&#8221; css=&#8221;.vc_custom_1728754291733{margin-bottom: 0px !important;}&#8221;]Panel steruj\u0105cy montowany w kabinie pasa\u017cerskiej posiadaj\u0105cy zintegrowany buzzer oraz pe\u0142ne wskazanie poziomu gazu w zbiorniku. Dodatkowa kontrolka do sygnalizacji stan\u00f3w awaryjnych systemu.[\/vc_column_text][\/vc_column][vc_column width=&#8221;1\/3&#8243;][mk_image src=&#8221;http:\/\/4save.pl\/wp-content\/uploads\/2024\/09\/wiazka56.png&#8221; image_size=&#8221;full&#8221; align=&#8221;center&#8221;][vc_column_text disable_pattern=&#8221;false&#8221; css=&#8221;.vc_custom_1728754295911{margin-bottom: 0px !important;}&#8221;]Wysokiej jako\u015bci wi\u0105zka pod\u0142\u0105czeniowa. Szybki i \u0142atwy monta\u017c dzi\u0119ki zoptymalizowanej ilo\u015bci przewod\u00f3w.[\/vc_column_text][\/vc_column][vc_column width=&#8221;1\/3&#8243;][mk_image src=&#8221;http:\/\/4save.pl\/wp-content\/uploads\/2024\/09\/czujnik-cisnienia.png&#8221; image_size=&#8221;full&#8221; align=&#8221;center&#8221;][vc_column_text disable_pattern=&#8221;false&#8221; css=&#8221;.vc_custom_1728754300877{margin-bottom: 0px !important;}&#8221;]Zintegrowany czujnik ci\u015bnienia oraz temperatury gazu PMT-01, posiadaj\u0105cy 2 niezale\u017cne czujniki: ci\u015bnienia gazu i podci\u015bnienia w kolektorze ss\u0105cym.[\/vc_column_text][\/vc_column][\/vc_row][vc_row][vc_column][mk_padding_divider][\/vc_column][\/vc_row][mk_page_section border_color=&#8221;#38913a&#8221; attachment=&#8221;fixed&#8221; bg_stretch=&#8221;true&#8221; min_height=&#8221;50&#8243; full_width=&#8221;true&#8221; padding_top=&#8221;20&#8243; padding_bottom=&#8221;0&#8243; margin_bottom=&#8221;20&#8243; sidebar=&#8221;sidebar-1&#8243;][vc_column][mk_fancy_title color=&#8221;#fdfdfd&#8221; size=&#8221;25&#8243; letter_spacing=&#8221;3&#8243; margin_bottom=&#8221;0&#8243; font_family=&#8221;none&#8221; align=&#8221;center&#8221;]\n<h3 style=\"text-align: center;\"><strong><a href=\"\/controllers\/\">Zestawienie funkcji i opcji sterownik\u00f3w 4save<\/a><\/strong><\/h3>\n[\/mk_fancy_title][\/vc_column][\/mk_page_section]\n<\/div>","protected":false},"excerpt":{"rendered":"<p>[mk_page_section bg_color=&#8221;#902e8d&#8221; bg_stretch=&#8221;true&#8221; min_height=&#8221;50&#8243; full_width=&#8221;true&#8221; padding_top=&#8221;20&#8243; padding_bottom=&#8221;0&#8243; margin_bottom=&#8221;20&#8243; sidebar=&#8221;sidebar-1&#8243;][vc_column][mk_fancy_title strip_tags=&#8221;true&#8221; color=&#8221;#fdfdfd&#8221; size=&#8221;30&#8243; letter_spacing=&#8221;&#8230;<\/p>\n","protected":false},"author":1,"featured_media":0,"parent":58,"menu_order":0,"comment_status":"closed","ping_status":"closed","template":"","meta":{"footnotes":""},"class_list":["post-273","page","type-page","status-publish","hentry"],"_links":{"self":[{"href":"https:\/\/4save.pl\/pl_PL\/wp-json\/wp\/v2\/pages\/273","targetHints":{"allow":["GET"]}}],"collection":[{"href":"https:\/\/4save.pl\/pl_PL\/wp-json\/wp\/v2\/pages"}],"about":[{"href":"https:\/\/4save.pl\/pl_PL\/wp-json\/wp\/v2\/types\/page"}],"author":[{"embeddable":true,"href":"https:\/\/4save.pl\/pl_PL\/wp-json\/wp\/v2\/users\/1"}],"replies":[{"embeddable":true,"href":"https:\/\/4save.pl\/pl_PL\/wp-json\/wp\/v2\/comments?post=273"}],"version-history":[{"count":17,"href":"https:\/\/4save.pl\/pl_PL\/wp-json\/wp\/v2\/pages\/273\/revisions"}],"predecessor-version":[{"id":630,"href":"https:\/\/4save.pl\/pl_PL\/wp-json\/wp\/v2\/pages\/273\/revisions\/630"}],"up":[{"embeddable":true,"href":"https:\/\/4save.pl\/pl_PL\/wp-json\/wp\/v2\/pages\/58"}],"wp:attachment":[{"href":"https:\/\/4save.pl\/pl_PL\/wp-json\/wp\/v2\/media?parent=273"}],"curies":[{"name":"wp","href":"https:\/\/api.w.org\/{rel}","templated":true}]}}