{"id":66,"date":"2024-08-16T15:05:13","date_gmt":"2024-08-16T15:05:13","guid":{"rendered":"http:\/\/temp.4save.pl\/?page_id=66"},"modified":"2024-10-22T12:08:54","modified_gmt":"2024-10-22T12:08:54","slug":"awards-and-certificates","status":"publish","type":"page","link":"https:\/\/4save.pl\/es_ES\/company\/awards-and-certificates\/","title":{"rendered":"Premios y Certificados"},"content":{"rendered":"<div class=\"wpb-content-wrapper\">[mk_page_section bg_image=&#8221;https:\/\/4save.pl\/wp-content\/uploads\/2024\/10\/about-us.jpg&#8221; attachment=&#8221;fixed&#8221; bg_position=&#8221;center center&#8221; bg_repeat=&#8221;no-repeat&#8221; bg_stretch=&#8221;true&#8221; min_height=&#8221;300&#8243; sidebar=&#8221;sidebar-1&#8243;][vc_column][mk_fancy_title strip_tags=&#8221;true&#8221; color=&#8221;#fdfdfd&#8221; size=&#8221;50&#8243; letter_spacing=&#8221;3&#8243; margin_top=&#8221;100&#8243; margin_bottom=&#8221;0&#8243; font_family=&#8221;none&#8221; align=&#8221;center&#8221;]\n<p style=\"text-align: center;\">Premios y Certificados<\/p>\n[\/mk_fancy_title][\/vc_column][\/mk_page_section][vc_row][vc_column][mk_padding_divider][vc_column_text css=&#8221;.vc_custom_1728756680781{margin-bottom: 0px !important;}&#8221;]Impulsados por la necesidad de mejorar continuamente, hemos tomado la decisi\u00f3n de implementar el sistema de gesti\u00f3n de la calidad, convencidos de que EDDC ofrece un alto nivel de calidad en todas las fases de dise\u00f1o y producci\u00f3n. Esto se ha confirmado mediante la obtenci\u00f3n del CERTIFICADO DEL SISTEMA DE GESTI\u00d3N conforme con UNE-EN ISO 9001:2015-10 para el dise\u00f1o, producci\u00f3n y venta de sistemas electr\u00f3nicos.[\/vc_column_text][mk_padding_divider size=&#8221;20&#8243;][mk_gallery images=&#8221;406,407,411&#8243; image_size=&#8221;full&#8221; hover_scenarios=&#8221;none&#8221; el_class=&#8221;cert&#8221;][mk_padding_divider size=&#8221;20&#8243;][\/vc_column][\/vc_row][vc_row][vc_column][vc_column_text]\n[\/vc_column_text][\/vc_column][\/vc_row]\n<\/div>","protected":false},"excerpt":{"rendered":"<p>[mk_page_section bg_image=&#8221;https:\/\/4save.pl\/wp-content\/uploads\/2024\/10\/about-us.jpg&#8221; attachment=&#8221;fixed&#8221; bg_position=&#8221;center center&#8221; bg_repeat=&#8221;no-repeat&#8221; bg_stretch=&#8221;true&#8221; min_height=&#8221;300&#8243; sidebar=&#8221;sidebar-1&#8243;][vc_column][mk_fancy_title strip_tags=&#8221;tr&#8230;<\/p>\n","protected":false},"author":1,"featured_media":0,"parent":109,"menu_order":0,"comment_status":"closed","ping_status":"closed","template":"","meta":{"footnotes":""},"class_list":["post-66","page","type-page","status-publish","hentry"],"_links":{"self":[{"href":"https:\/\/4save.pl\/es_ES\/wp-json\/wp\/v2\/pages\/66","targetHints":{"allow":["GET"]}}],"collection":[{"href":"https:\/\/4save.pl\/es_ES\/wp-json\/wp\/v2\/pages"}],"about":[{"href":"https:\/\/4save.pl\/es_ES\/wp-json\/wp\/v2\/types\/page"}],"author":[{"embeddable":true,"href":"https:\/\/4save.pl\/es_ES\/wp-json\/wp\/v2\/users\/1"}],"replies":[{"embeddable":true,"href":"https:\/\/4save.pl\/es_ES\/wp-json\/wp\/v2\/comments?post=66"}],"version-history":[{"count":27,"href":"https:\/\/4save.pl\/es_ES\/wp-json\/wp\/v2\/pages\/66\/revisions"}],"predecessor-version":[{"id":617,"href":"https:\/\/4save.pl\/es_ES\/wp-json\/wp\/v2\/pages\/66\/revisions\/617"}],"up":[{"embeddable":true,"href":"https:\/\/4save.pl\/es_ES\/wp-json\/wp\/v2\/pages\/109"}],"wp:attachment":[{"href":"https:\/\/4save.pl\/es_ES\/wp-json\/wp\/v2\/media?parent=66"}],"curies":[{"name":"wp","href":"https:\/\/api.w.org\/{rel}","templated":true}]}}