{"id":44,"date":"2024-08-16T14:03:12","date_gmt":"2024-08-16T14:03:12","guid":{"rendered":"http:\/\/temp.4save.pl\/?page_id=44"},"modified":"2024-10-23T14:29:19","modified_gmt":"2024-10-23T14:29:19","slug":"controller-best","status":"publish","type":"page","link":"https:\/\/4save.pl\/es_ES\/controllers\/controller-best\/","title":{"rendered":"Controlador BEST"},"content":{"rendered":"<div class=\"wpb-content-wrapper\">[mk_page_section bg_color=&#8221;#3b7bbf&#8221; bg_stretch=&#8221;true&#8221; min_height=&#8221;50&#8243; full_width=&#8221;true&#8221; padding_top=&#8221;20&#8243; padding_bottom=&#8221;0&#8243; margin_bottom=&#8221;20&#8243; sidebar=&#8221;sidebar-1&#8243;][vc_column][mk_fancy_title strip_tags=&#8221;true&#8221; color=&#8221;#fdfdfd&#8221; size=&#8221;30&#8243; letter_spacing=&#8221;3&#8243; margin_bottom=&#8221;0&#8243; font_family=&#8221;none&#8221; align=&#8221;center&#8221;]\n<h2 style=\"text-align: center;\">Controlador BEST<\/h2>\n[\/mk_fancy_title][\/vc_column][\/mk_page_section][mk_page_section bg_position=&#8221;center center&#8221; bg_repeat=&#8221;no-repeat&#8221; min_height=&#8221;160&#8243; padding_top=&#8221;20&#8243; padding_bottom=&#8221;0&#8243; sidebar=&#8221;sidebar-1&#8243;][vc_column][mk_image src=&#8221;https:\/\/4save.pl\/wp-content\/uploads\/2024\/10\/systems.png&#8221; align=&#8221;center&#8221; crop=&#8221;false&#8221;][\/vc_column][\/mk_page_section][mk_page_section padding_top=&#8221;0&#8243; padding_bottom=&#8221;0&#8243; sidebar=&#8221;sidebar-1&#8243;][vc_column][mk_image src=&#8221;http:\/\/4save.pl\/wp-content\/uploads\/2024\/10\/controler-4save-eu-best-es.png&#8221; image_size=&#8221;full&#8221; align=&#8221;center&#8221; crop=&#8221;false&#8221;][\/vc_column][\/mk_page_section][mk_page_section el_class=&#8221;brak&#8221; sidebar=&#8221;sidebar-1&#8243;][vc_column][vc_row_inner][vc_column_inner][vc_column_text disable_pattern=&#8221;false&#8221;]\n<h3 style=\"text-align: left;\">Zalety<\/h3>\n<ul>\n<li>24 pinowy sterownik LPG\/CNG\u00a0 z wbudowanym OBD (CAN I K-LINE),<\/li>\n<li>dedykowany do najbardziej wymagaj\u0105cych 4 cylindrowych silnik\u00f3w,<\/li>\n<li>automatyczny system autoadaptacji (tune<sub>OBD<\/sub>),<\/li>\n<li>rozbudowany skaner OBD z automatycznym kasowaniem b\u0142\u0119d\u00f3w,<\/li>\n<li>mo\u017cliwo\u015b\u0107 rozbudowy o dodatkowe urz\u0105dzenia zewn\u0119trzne,<\/li>\n<li>algorytm zabezpieczaj\u0105cy przed klonowaniem,<\/li>\n<li>szczelna kompozytowo-aluminiowa obudowa,<\/li>\n<li>szybki i \u0142atwy monta\u017c<\/li>\n<\/ul>\n[\/vc_column_text][\/vc_column_inner][\/vc_row_inner][\/vc_column][\/mk_page_section][mk_page_section bg_position=&#8221;center center&#8221; bg_repeat=&#8221;no-repeat&#8221; min_height=&#8221;200&#8243; js_vertical_centered=&#8221;true&#8221; sidebar=&#8221;sidebar-1&#8243;][vc_column][vc_row_inner css=&#8221;.vc_custom_1726066555553{background-color: #3b7bbf !important;}&#8221; el_class=&#8221;info-color-bg&#8221;][vc_column_inner][mk_fancy_title tag_name=&#8221;h6&#8243; color=&#8221;#fdfdfd&#8221; size=&#8221;20&#8243; margin_bottom=&#8221;0&#8243; font_family=&#8221;none&#8221; align=&#8221;center&#8221;]\n<p style=\"text-align: center;\">BEST es un controlador dise\u00f1ado espec\u00edficamente para los motores m\u00e1s exigentes de 1 a 4 cilindros de inyecci\u00f3n indirecta.<\/p>\n[\/mk_fancy_title][\/vc_column_inner][\/vc_row_inner][\/vc_column][\/mk_page_section][vc_row][vc_column][vc_column_text disable_pattern=&#8221;false&#8221; el_class=&#8221;blue-check-h3&#8243; css=&#8221;.vc_custom_1728495892139{margin-bottom: 0px !important;}&#8221;]\n<h3>Conducci\u00f3n como con gasolina<\/h3>\n<p><span style=\"text-decoration: underline;\"><strong>Ajuste autom\u00e1tico perfecto<\/strong><\/span> del controlador al motor (Tune<sub>OBD<\/sub> y Tune): sin problemas del indicador luminoso Check Engine.<\/p>\n<p>El sistema de autoadaptaci\u00f3n (Tune, Tune<sub>OBD<\/sub>) se encarga de ajustar autom\u00e1ticamente el controlador a los par\u00e1metros de funcionamiento \u00f3ptimos para proporcionar al motor la mezcla adecuada sin provocar detecci\u00f3n de anomal\u00edas por parte del sistema de diagn\u00f3stico a bordo. Adem\u00e1s, en modo online, Tune<sub>OBD<\/sub> utiliza los par\u00e1metros le\u00eddos a trav\u00e9s del OBD, mejorando a\u00fan m\u00e1s la precisi\u00f3n del ajuste.<\/p>\n<p>&nbsp;<\/p>\n<h3>Consumo de gas un 10% m\u00e1s bajo<\/h3>\n<p><strong><span style=\"text-decoration: underline;\">Reducci\u00f3n de al menos 10% del consumo de gas<\/span><\/strong> en comparaci\u00f3n con los sistemas est\u00e1ndar.<\/p>\n<p>&nbsp;<\/p>\n<h3>Compatibilidad con coches h\u00edbridos<\/h3>\n<p>100% compatible con <span style=\"text-decoration: underline;\"><strong>coches h\u00edbridos y coches con funci\u00f3n START-STOP<\/strong><\/span>: apagado seguro de la electrov\u00e1lvula.<\/p>\n<p>&nbsp;<\/p>\n<h3>Protecci\u00f3n de las v\u00e1lvulas del motor<\/h3>\n<p><span style=\"text-decoration: underline;\"><strong>Funci\u00f3n de protecci\u00f3n de v\u00e1lvulas del motor<\/strong><\/span> integrada: minimiza el fen\u00f3meno de reducci\u00f3n del juego de v\u00e1lvulas cuando se utiliza GLP\/GNV.<\/p>\n<p>&nbsp;<\/p>\n<h3>Esc\u00e1ner OBD (CAN y K-LINE)<\/h3>\n<p><strong><span style=\"text-decoration: underline;\">Esc\u00e1ner OBD integral<\/span><\/strong> con eliminaci\u00f3n autom\u00e1tica de errores: conexi\u00f3n con OBD (CAN y K-LINE).<\/p>\n<ul>\n<li>ISO 9141-2<\/li>\n<li>ISO 14230-4 5 baud<\/li>\n<li>ISO 14230-4 fast init<\/li>\n<li>CAN STD 250K<\/li>\n<li>CAN STD 500K<\/li>\n<li>CAN EXT 250K<\/li>\n<li>CAN EXT 500K<\/li>\n<\/ul>\n<p>La compatibilidad con tantas interfaces permite la conexi\u00f3n al OBD de pr\u00e1cticamente cualquier coche moderno.<\/p>\n<p>El controlador dispone de un sofisticado esc\u00e1ner de par\u00e1metros del sistema OBD que facilita el monitoreo de los par\u00e1metros de funcionamiento del motor disponibles a trav\u00e9s del protocolo del OBD. Adem\u00e1s, el controlador puede eliminar los fallos del OBD que se producen durante el funcionamiento del motor.<\/p>\n<p>&nbsp;<\/p>\n<h3>Calidad superior<\/h3>\n<p><span style=\"text-decoration: underline;\"><strong>Calidad y fiabilidad supremas<\/strong><\/span>: uso de componentes de automoci\u00f3n (procesador PowerPC de 32 bits).<\/p>\n<p>Nuestro sistema es controlado por un procesador de <span style=\"text-decoration: underline;\"><strong>32 bits<\/strong><\/span> de \u00faltima generaci\u00f3n procedente de la industria del autom\u00f3vil, utilizado por los OEM en las unidades de control de f\u00e1brica.<\/p>\n<p>&nbsp;<\/p>\n<h3>Dosificaci\u00f3n precisa<\/h3>\n<p>El uso de una unidad de control tan potente permite una medici\u00f3n de alta precisi\u00f3n de las se\u00f1ales conectadas. Una de las se\u00f1ales m\u00e1s importantes que se procesan es el tiempo de inyecci\u00f3n de gasolina, medido por nuestro sistema con una resoluci\u00f3n de 0,001 [ms] \u2013 <strong>1 microsegundo<\/strong>.<\/p>\n<p>&nbsp;<\/p>\n<h3>Wankel, Valvetronic<\/h3>\n<p>Compatible con los motores <span style=\"text-decoration: underline;\"><strong>Wankel<\/strong><\/span> y <span style=\"text-decoration: underline;\"><strong>Valvetronic<\/strong><\/span>: mapas de inyecci\u00f3n de gasolina disponibles y autoadaptaci\u00f3n como en un motor est\u00e1ndar.<\/p>\n<p>&nbsp;<\/p>\n<h3>Modificaci\u00f3n de la secuencia de inyecci\u00f3n de gas<\/h3>\n<p><strong><span style=\"text-decoration: underline;\">Modificaci\u00f3n de la secuencia de inyecci\u00f3n de gas<\/span><\/strong>, con posibilidad de cambiar r\u00e1pidamente de inyector de gas en caso de cualquier error de instalaci\u00f3n: conmutaci\u00f3n suave entre ambos modos.<\/p>\n<p>&nbsp;<\/p>\n<h3>Visualizaci\u00f3n precisa del nivel de gas<\/h3>\n<p><span style=\"text-decoration: underline;\"><strong>Visualizaci\u00f3n precisa del nivel de gas<\/strong><\/span>: no m\u00e1s problemas de indicaciones de gas incorrectas gracias al VLS.<\/p>\n<p>&nbsp;<\/p>\n<h3>Configuraci\u00f3n r\u00e1pida del sistema<\/h3>\n<p><span style=\"text-decoration: underline;\"><strong>Configuraci\u00f3n r\u00e1pida del sistema<\/strong><\/span>: programa de diagn\u00f3stico moderno y f\u00e1cil de instalar.<\/p>\n<p>La configuraci\u00f3n del sistema se realiza mediante un sistema de diagn\u00f3stico de dise\u00f1o propio muy moderno y f\u00e1cil de usar para el instalador. El programa se ajusta autom\u00e1ticamente a la resoluci\u00f3n de la pantalla y permite configurar el sistema de forma muy clara. El programa se ha dise\u00f1ado de tal forma para poder personalizar su aspecto en caso de que desee vender nuestros sistemas bajo su marca. La comunicaci\u00f3n con la aplicaci\u00f3n puede realizarse utilizando una interfaz de comunicaci\u00f3n est\u00e1ndar USB o Bluetooth.<\/p>\n<p>&nbsp;<\/p>\n<h3>Alta configurabilidad<\/h3>\n<p>El controlador se ha equipado con una serie de opciones de configuraci\u00f3n adicionales, <strong><span style=\"text-decoration: underline;\">incluidos mapas de correcci\u00f3n din\u00e1micos<\/span><\/strong>, entre otros:<\/p>\n<ul>\n<li>mapa din\u00e1mico de correcci\u00f3n de rpm;<\/li>\n<li>mapas din\u00e1micos de correcci\u00f3n de: presi\u00f3n del gas, temperatura del gas, temperatura del reductor;<\/li>\n<li>mapa din\u00e1mico de inyecci\u00f3n de gasolina (protecci\u00f3n de v\u00e1lvulas).<\/li>\n<\/ul>\n<p>Estas herramientas permiten calibrar de forma clara y sencilla incluso los coches m\u00e1s exigentes, garantizando su funcionamiento correcto.<\/p>\n<p>&nbsp;<\/p>\n<h3>S\u00f3lo productos originales<\/h3>\n<p>Sin riesgo de comprar un controlador no original: algoritmo de protecci\u00f3n contra clonaci\u00f3n encriptado en el controlador.<\/p>\n<p>&nbsp;<\/p>\n<h3>Compatible con numerosos inyectores<\/h3>\n<p><strong><span style=\"text-decoration: underline;\">Compatible con m\u00faltiples inyectores de gas<\/span><\/strong>: adecuado para inyectores con resistencia &gt;= 1[\u03a9].<\/p>\n<p>&nbsp;<\/p>\n<h3>Instalaci\u00f3n r\u00e1pida<\/h3>\n<p><strong><span style=\"text-decoration: underline;\">Pocos cables para conectar<\/span><\/strong>: carcasa de aluminio compuesto peque\u00f1a y herm\u00e9tica con un conector de 24 pines (soluci\u00f3n \u00fanica).<\/p>\n<p>&nbsp;<\/p>\n<h3>Sensor de presi\u00f3n de alta calidad<\/h3>\n<p><strong><span style=\"text-decoration: underline;\">Sensor integrado de presi\u00f3n, vac\u00edo y temperatura de gas PMT-01<\/span><\/strong> de alta calidad incorporado para garantizar precisi\u00f3n y una instalaci\u00f3n r\u00e1pida.<\/p>\n<p>&nbsp;<\/p>\n<h3>Interruptor peque\u00f1o y f\u00e1cil de instalar<\/h3>\n<p><span style=\"text-decoration: underline;\"><strong>Interruptor peque\u00f1o y f\u00e1cil de instalar<\/strong><\/span> con zumbador incorporado e indicador luminoso adicional para avisar al conductor de la necesidad de una revisi\u00f3n t\u00e9cnica o error del sistema.<\/p>\n<p>&nbsp;<\/p>\n<h3>Diagn\u00f3stico extenso<\/h3>\n<p><strong><span style=\"text-decoration: underline;\">Diagn\u00f3stico f\u00e1cil de errores y emergencias<\/span><\/strong>: historial de eventos avanzado registrado por el controlador.<\/p>\n<p>&nbsp;<\/p>\n<h3>Compatible<\/h3>\n<p><strong><span style=\"text-decoration: underline;\">Puede sustituirse por el controlador 4SAVE ECO<\/span><\/strong> sin necesidad de cambiar el mazo de cableado.[\/vc_column_text][mk_padding_divider size=&#8221;20&#8243;][\/vc_column][\/vc_row][mk_page_section bg_color=&#8221;#3b7bbf&#8221; bg_stretch=&#8221;true&#8221; min_height=&#8221;50&#8243; full_width=&#8221;true&#8221; padding_top=&#8221;20&#8243; padding_bottom=&#8221;0&#8243; sidebar=&#8221;sidebar-1&#8243;][vc_column][mk_fancy_title strip_tags=&#8221;true&#8221; color=&#8221;#fdfdfd&#8221; size=&#8221;30&#8243; letter_spacing=&#8221;3&#8243; margin_bottom=&#8221;0&#8243; font_family=&#8221;none&#8221; align=&#8221;center&#8221;]\n<h2 style=\"text-align: center;\">Componentes del sistema 4SAVE<\/h2>\n[\/mk_fancy_title][\/vc_column][\/mk_page_section][vc_row][vc_column][mk_padding_divider size=&#8221;20&#8243;][vc_column_text disable_pattern=&#8221;false&#8221; css=&#8221;.vc_custom_1728493651927{margin-bottom: 0px !important;}&#8221;]\n<h3 style=\"text-align: center;\">Controlador GLP\/GNV<\/h3>\n[\/vc_column_text][mk_image src=&#8221;http:\/\/4save.pl\/wp-content\/uploads\/2024\/09\/sterownik-4save-best.png&#8221; image_size=&#8221;full&#8221; align=&#8221;center&#8221;][\/vc_column][\/vc_row][vc_row][vc_column width=&#8221;1\/3&#8243;][mk_image src=&#8221;http:\/\/4save.pl\/wp-content\/uploads\/2024\/09\/panel.png&#8221; image_size=&#8221;full&#8221; align=&#8221;center&#8221;][vc_column_text disable_pattern=&#8221;false&#8221; css=&#8221;.vc_custom_1728493766011{margin-bottom: 0px !important;}&#8221;]Panel de control instalado en la cabina del coche con zumbador integrado e indicaci\u00f3n del nivel de gas en el dep\u00f3sito. Indicador luminoso adicional para avisar de un fallo del sistema.[\/vc_column_text][\/vc_column][vc_column width=&#8221;1\/3&#8243;][mk_image src=&#8221;http:\/\/4save.pl\/wp-content\/uploads\/2024\/09\/wiazka24.png&#8221; image_size=&#8221;full&#8221; align=&#8221;center&#8221;][vc_column_text disable_pattern=&#8221;false&#8221; css=&#8221;.vc_custom_1728493770782{margin-bottom: 0px !important;}&#8221;]Mazo de cableado de alta calidad. Instalaci\u00f3n r\u00e1pida y sencilla gracias a un n\u00famero optimizado de cables.[\/vc_column_text][\/vc_column][vc_column width=&#8221;1\/3&#8243;][mk_image src=&#8221;http:\/\/4save.pl\/wp-content\/uploads\/2024\/09\/czujnik-cisnienia.png&#8221; image_size=&#8221;full&#8221; align=&#8221;center&#8221;][vc_column_text disable_pattern=&#8221;false&#8221; css=&#8221;.vc_custom_1728493775564{margin-bottom: 0px !important;}&#8221;]Sensor integrado de presi\u00f3n y temperatura del gas PMT-01 con 2 sensores independientes: presi\u00f3n del gas y vac\u00edo en el colector de admisi\u00f3n.[\/vc_column_text][\/vc_column][\/vc_row][vc_row][vc_column][mk_padding_divider][\/vc_column][\/vc_row][mk_page_section border_color=&#8221;#38913a&#8221; attachment=&#8221;fixed&#8221; bg_stretch=&#8221;true&#8221; min_height=&#8221;50&#8243; full_width=&#8221;true&#8221; padding_top=&#8221;20&#8243; padding_bottom=&#8221;0&#8243; margin_bottom=&#8221;20&#8243; sidebar=&#8221;sidebar-1&#8243;][vc_column][mk_fancy_title color=&#8221;#fdfdfd&#8221; size=&#8221;25&#8243; letter_spacing=&#8221;3&#8243; margin_bottom=&#8221;0&#8243; font_family=&#8221;none&#8221; align=&#8221;center&#8221;]\n<h3 style=\"text-align: center;\"><strong><a href=\"\/controllers\/\">RESUMEN DE FUNCIONES Y OPCIONES DE LOS CONTROLADORES 4SAVE<\/a><\/strong><\/h3>\n[\/mk_fancy_title][\/vc_column][\/mk_page_section]\n<\/div>","protected":false},"excerpt":{"rendered":"<p>[mk_page_section bg_color=&#8221;#3b7bbf&#8221; bg_stretch=&#8221;true&#8221; min_height=&#8221;50&#8243; full_width=&#8221;true&#8221; padding_top=&#8221;20&#8243; padding_bottom=&#8221;0&#8243; margin_bottom=&#8221;20&#8243; sidebar=&#8221;sidebar-1&#8243;][vc_column][mk_fancy_title strip_tags=&#8221;true&#8221; color=&#8221;#fdfdfd&#8221; size=&#8221;30&#8243; letter_spacing=&#8221;&#8230;<\/p>\n","protected":false},"author":1,"featured_media":0,"parent":58,"menu_order":0,"comment_status":"closed","ping_status":"closed","template":"","meta":{"footnotes":""},"class_list":["post-44","page","type-page","status-publish","hentry"],"_links":{"self":[{"href":"https:\/\/4save.pl\/es_ES\/wp-json\/wp\/v2\/pages\/44","targetHints":{"allow":["GET"]}}],"collection":[{"href":"https:\/\/4save.pl\/es_ES\/wp-json\/wp\/v2\/pages"}],"about":[{"href":"https:\/\/4save.pl\/es_ES\/wp-json\/wp\/v2\/types\/page"}],"author":[{"embeddable":true,"href":"https:\/\/4save.pl\/es_ES\/wp-json\/wp\/v2\/users\/1"}],"replies":[{"embeddable":true,"href":"https:\/\/4save.pl\/es_ES\/wp-json\/wp\/v2\/comments?post=44"}],"version-history":[{"count":45,"href":"https:\/\/4save.pl\/es_ES\/wp-json\/wp\/v2\/pages\/44\/revisions"}],"predecessor-version":[{"id":634,"href":"https:\/\/4save.pl\/es_ES\/wp-json\/wp\/v2\/pages\/44\/revisions\/634"}],"up":[{"embeddable":true,"href":"https:\/\/4save.pl\/es_ES\/wp-json\/wp\/v2\/pages\/58"}],"wp:attachment":[{"href":"https:\/\/4save.pl\/es_ES\/wp-json\/wp\/v2\/media?parent=44"}],"curies":[{"name":"wp","href":"https:\/\/api.w.org\/{rel}","templated":true}]}}