{"id":273,"date":"2024-09-11T18:32:12","date_gmt":"2024-09-11T18:32:12","guid":{"rendered":"http:\/\/temp.4save.pl\/?page_id=273"},"modified":"2024-10-23T13:57:45","modified_gmt":"2024-10-23T13:57:45","slug":"controller-direct","status":"publish","type":"page","link":"https:\/\/4save.pl\/es_ES\/controllers\/controller-direct\/","title":{"rendered":"Controlador DIRECT"},"content":{"rendered":"<div class=\"wpb-content-wrapper\">[mk_page_section bg_color=&#8221;#902e8d&#8221; bg_stretch=&#8221;true&#8221; min_height=&#8221;50&#8243; full_width=&#8221;true&#8221; padding_top=&#8221;20&#8243; padding_bottom=&#8221;0&#8243; margin_bottom=&#8221;20&#8243; sidebar=&#8221;sidebar-1&#8243;][vc_column][mk_fancy_title strip_tags=&#8221;true&#8221; color=&#8221;#fdfdfd&#8221; size=&#8221;30&#8243; letter_spacing=&#8221;3&#8243; margin_bottom=&#8221;0&#8243; font_family=&#8221;none&#8221; align=&#8221;center&#8221;]\n<h2 style=\"text-align: center;\">Controlador DIRECT<\/h2>\n[\/mk_fancy_title][\/vc_column][\/mk_page_section][mk_page_section bg_position=&#8221;center center&#8221; min_height=&#8221;160&#8243; padding_top=&#8221;20&#8243; padding_bottom=&#8221;0&#8243; sidebar=&#8221;sidebar-1&#8243;][vc_column][mk_image src=&#8221;https:\/\/4save.pl\/wp-content\/uploads\/2024\/10\/systems.png&#8221; image_width=&#8221;950&#8243; image_height=&#8221;450&#8243; align=&#8221;center&#8221; crop=&#8221;false&#8221;][\/vc_column][\/mk_page_section][mk_page_section padding_top=&#8221;0&#8243; padding_bottom=&#8221;0&#8243; sidebar=&#8221;sidebar-1&#8243;][vc_column][mk_image src=&#8221;http:\/\/4save.pl\/wp-content\/uploads\/2024\/10\/controler-4save-eu-direct-4-es.png&#8221; image_size=&#8221;full&#8221; align=&#8221;center&#8221; crop=&#8221;false&#8221;][\/vc_column][\/mk_page_section][mk_page_section el_class=&#8221;brak&#8221; sidebar=&#8221;sidebar-1&#8243;][vc_column][vc_row_inner][vc_column_inner][vc_column_text disable_pattern=&#8221;false&#8221; css=&#8221;.vc_custom_1726659110040{margin-bottom: 0px !important;}&#8221;]\n<h3>Zalety MAXXXX<\/h3>\n<ul>\n<li>56 pinowy sterownik LPG\/CNG\u00a0 z wbudowanym OBD (CAN I K-LINE),<\/li>\n<li>dedykowany do najbardziej wymagaj\u0105cych 8 cylindrowych silnik\u00f3w,<\/li>\n<li>automatyczny system autoadaptacji (tune<sub>OBD<\/sub>), dwa niezale\u017cne banki,<\/li>\n<li>rozbudowany skaner OBD z automatycznym kasowaniem b\u0142\u0119d\u00f3w,<\/li>\n<li>mo\u017cliwo\u015b\u0107 rozbudowy o dodatkowe urz\u0105dzenia zewn\u0119trzne,<\/li>\n<li>algorytm zabezpieczaj\u0105cy przed klonowaniem,<\/li>\n<li>wbudowany emulator ci\u015bnienia paliwa oraz poziomu paliwa,<\/li>\n<li>mo\u017cliwo\u015b\u0107 pod\u0142\u0105czenia dw\u00f3ch s\u0105d lambda napi\u0119ciowych,<\/li>\n<li>szczelna aluminiowa obudowa<\/li>\n<\/ul>\n[\/vc_column_text][\/vc_column_inner][\/vc_row_inner][\/vc_column][\/mk_page_section][mk_page_section bg_position=&#8221;center center&#8221; bg_repeat=&#8221;no-repeat&#8221; min_height=&#8221;200&#8243; js_vertical_centered=&#8221;true&#8221; sidebar=&#8221;sidebar-1&#8243;][vc_column][vc_row_inner attached=&#8221;true&#8221; is_fullwidth_content=&#8221;false&#8221; css=&#8221;.vc_custom_1726079187271{background-color: #902e8d !important;}&#8221; el_class=&#8221;info-color-bg&#8221;][vc_column_inner][mk_fancy_title color=&#8221;#fdfdfd&#8221; size=&#8221;20&#8243; margin_bottom=&#8221;0&#8243; font_family=&#8221;none&#8221; align=&#8221;center&#8221;]\n<p style=\"text-align: center;\">Direct es un sistema dise\u00f1ado para los motores de inyecci\u00f3n directa de 1 a 8 cilindros m\u00e1s exigentes.<\/p>\n[\/mk_fancy_title][\/vc_column_inner][\/vc_row_inner][\/vc_column][\/mk_page_section][vc_row][vc_column][vc_column_text disable_pattern=&#8221;false&#8221; el_class=&#8221;purple-check-h3&#8243; css=&#8221;.vc_custom_1729066983352{margin-bottom: 0px !important;}&#8221;]\n<h3>Soluci\u00f3n vers\u00e1til<\/h3>\n<p>4SAVE Direct consta del controlador 4SAVE MAX y el emulador de inyector de gasolina 4SAVE Direct E-4.<\/p>\n<p>&nbsp;<\/p>\n<h3>DI + MPI<\/h3>\n<p><strong><u>Compatible con los motores de inyecci\u00f3n dual DI + MPI<\/u><\/strong>.<u><br \/>\n<\/u><\/p>\n<p>&nbsp;<\/p>\n<h3>Bajo consumo de gasolina<\/h3>\n<p><strong><u>Consumo de gasolina del 10% en funcionamiento con gas<\/u><\/strong>: algoritmo de control avanzado para inyectores de gasolina en funcionamiento con gas.<\/p>\n<p>&nbsp;<\/p>\n<h3>Emulaci\u00f3n de inyectores de gasolina<\/h3>\n<p><strong><u>Emulaci\u00f3n autom\u00e1tica de inyectores de gasolina<\/u><\/strong> (sin necesidad de adaptar la corriente de emulaci\u00f3n).<\/p>\n<p>&nbsp;<\/p>\n<h3>Emulaci\u00f3n de la presi\u00f3n de gasolina<\/h3>\n<p><u><strong>Funcionamiento correcto del sensor de presi\u00f3n de gasolina<\/strong><\/u>: algoritmo avanzado de emulaci\u00f3n de la presi\u00f3n de gasolina.<\/p>\n<p>&nbsp;<\/p>\n<h3>Conducci\u00f3n como con gasolina<\/h3>\n<p><strong><u>Ajuste autom\u00e1tico perfecto<\/u><\/strong> del controlador al motor (Tune<sub>OBD<\/sub> y Tune): sin problemas del indicador luminoso Check Engine (dos bancos independientes).<\/p>\n<p>&nbsp;<\/p>\n<h3>Consumo de gas un 10% m\u00e1s bajo<\/h3>\n<p><strong><u>Reducci\u00f3n del consumo de gas de al menos 10%<\/u><\/strong> en comparaci\u00f3n con los sistemas est\u00e1ndar.<\/p>\n<p>&nbsp;<\/p>\n<h3>Compatibilidad con coches h\u00edbridos<\/h3>\n<p>100% compatible con <strong><u>coches h\u00edbridos y coches con funci\u00f3n START-STOP<\/u><\/strong>: apagado seguro de la electrov\u00e1lvula.<\/p>\n<p>&nbsp;<\/p>\n<h3>Emulaci\u00f3n del indicador de nivel de gasolina<\/h3>\n<p><strong><u>Funcionamiento correcto del indicador de nivel de gasolina<\/u><\/strong> en coches con problemas del indicador de nivel de gasolina cuando se conduce con gas (Honda, PSA, Lexus, Opel).<\/p>\n<p>&nbsp;<\/p>\n<h3>Protecci\u00f3n de las v\u00e1lvulas del motor<\/h3>\n<p><strong><u>Funci\u00f3n de protecci\u00f3n de v\u00e1lvulas del motor<\/u><\/strong> integrada: minimiza el fen\u00f3meno de reducci\u00f3n del juego de v\u00e1lvulas cuando se utiliza GLP\/GNV.<\/p>\n<p>&nbsp;<\/p>\n<h3>Esc\u00e1ner OBD (CAN y K-LINE)<\/h3>\n<p><strong><u>Esc\u00e1ner OBD integral<\/u><\/strong> con eliminaci\u00f3n autom\u00e1tica de errores: conexi\u00f3n con OBD (CAN y K-LINE).<\/p>\n<p>&nbsp;<\/p>\n<h3>Calidad superior<\/h3>\n<p><strong><u>Calidad y fiabilidad supremas<\/u><\/strong>: uso de componentes de automoci\u00f3n (procesador PowerPC de 32 bits).<\/p>\n<p>&nbsp;<\/p>\n<h3>Modificaci\u00f3n de la secuencia de inyecci\u00f3n de gas<\/h3>\n<p><strong><u>Modificaci\u00f3n de la secuencia de inyecci\u00f3n de gas<\/u><\/strong>, con posibilidad de cambiar r\u00e1pidamente de inyector de gas en caso de cualquier error de instalaci\u00f3n: conmutaci\u00f3n suave entre ambos modos.<\/p>\n<p>&nbsp;<\/p>\n<h3>Visualizaci\u00f3n precisa del nivel de gas<\/h3>\n<p><strong><u>Visualizaci\u00f3n precisa del nivel de gas<\/u><\/strong>: no m\u00e1s problemas de indicaciones de gas incorrectas gracias al VLS.<\/p>\n<p>&nbsp;<\/p>\n<h3>Configuraci\u00f3n r\u00e1pida del sistema<\/h3>\n<p><u><strong>Configuraci\u00f3n r\u00e1pida del sistema<\/strong><\/u>: programa de diagn\u00f3stico moderno y f\u00e1cil de instalar.<\/p>\n<p>&nbsp;<\/p>\n<h3>Compatible con numerosos inyectores<\/h3>\n<p><strong><u>Compatible con m\u00faltiples inyectores de gas<\/u><\/strong>: adecuado para inyectores con resistencia &gt;= 1[\u03a9].<\/p>\n<p>&nbsp;<\/p>\n<h3>Salida de control universal adicional<\/h3>\n<p><strong><u>Salida de control integral adicional<\/u><\/strong> con capacidad I &lt;= 0,4 [A].<\/p>\n<p>&nbsp;<\/p>\n<h3>Sensor de presi\u00f3n de alta calidad<\/h3>\n<p><span style=\"text-decoration: underline;\"><strong>Sensor integrado de presi\u00f3n, vac\u00edo y temperatura de gas PMT-01<\/strong><\/span> de alta calidad incorporado para garantizar precisi\u00f3n y una instalaci\u00f3n r\u00e1pida.<\/p>\n<p>&nbsp;<\/p>\n<h3>Interruptor peque\u00f1o y f\u00e1cil de instalar<\/h3>\n<p><strong><u>Interruptor peque\u00f1o y f\u00e1cil de instalar<\/u><\/strong> con zumbador incorporado e indicador luminoso adicional para avisar al conductor de la necesidad de una revisi\u00f3n t\u00e9cnica o error del sistema<\/p>\n<p>&nbsp;<\/p>\n<h3>Diagn\u00f3stico extenso<\/h3>\n<p><strong><u>Diagn\u00f3stico f\u00e1cil de errores y emergencias<\/u><\/strong>: historial de eventos avanzado registrado por el controlador.<\/p>\n<p>&nbsp;<\/p>\n<h3>Estanco<\/h3>\n<p><strong><u>Carcasa herm\u00e9tica de aluminio<\/u><\/strong>.[\/vc_column_text][mk_padding_divider size=&#8221;20&#8243;][\/vc_column][\/vc_row][mk_page_section bg_color=&#8221;#902e8d&#8221; bg_stretch=&#8221;true&#8221; min_height=&#8221;50&#8243; full_width=&#8221;true&#8221; padding_top=&#8221;20&#8243; padding_bottom=&#8221;0&#8243; sidebar=&#8221;sidebar-1&#8243;][vc_column][mk_fancy_title strip_tags=&#8221;true&#8221; color=&#8221;#fdfdfd&#8221; size=&#8221;30&#8243; letter_spacing=&#8221;3&#8243; margin_bottom=&#8221;0&#8243; font_family=&#8221;none&#8221; align=&#8221;center&#8221;]\n<h2 style=\"text-align: center;\">Componentes del sistema 4SAVE<\/h2>\n[\/mk_fancy_title][\/vc_column][\/mk_page_section][vc_row][vc_column][mk_padding_divider size=&#8221;20&#8243;][vc_column_text disable_pattern=&#8221;false&#8221; css=&#8221;.vc_custom_1728755137373{margin-bottom: 0px !important;}&#8221;]\n<h3 style=\"text-align: center;\">Controlador GLP\/GNV<\/h3>\n[\/vc_column_text][mk_image src=&#8221;http:\/\/4save.pl\/wp-content\/uploads\/2024\/09\/sterownik-4save-direct.png&#8221; image_size=&#8221;full&#8221; align=&#8221;center&#8221;][\/vc_column][\/vc_row][vc_row][vc_column width=&#8221;1\/3&#8243;][mk_image src=&#8221;http:\/\/4save.pl\/wp-content\/uploads\/2024\/09\/panel.png&#8221; image_size=&#8221;full&#8221; align=&#8221;center&#8221;][vc_column_text disable_pattern=&#8221;false&#8221; css=&#8221;.vc_custom_1728755151142{margin-bottom: 0px !important;}&#8221;]Panel de control instalado en la cabina del coche con zumbador integrado e indicaci\u00f3n del nivel de gas en el dep\u00f3sito. Indicador luminoso adicional para avisar de un fallo del sistema.[\/vc_column_text][\/vc_column][vc_column width=&#8221;1\/3&#8243;][mk_image src=&#8221;http:\/\/4save.pl\/wp-content\/uploads\/2024\/09\/wiazka56.png&#8221; image_size=&#8221;full&#8221; align=&#8221;center&#8221;][vc_column_text disable_pattern=&#8221;false&#8221; css=&#8221;.vc_custom_1728755160406{margin-bottom: 0px !important;}&#8221;]Mazo de cableado de alta calidad. Instalaci\u00f3n r\u00e1pida y sencilla gracias a un n\u00famero optimizado de cables.[\/vc_column_text][\/vc_column][vc_column width=&#8221;1\/3&#8243;][mk_image src=&#8221;http:\/\/4save.pl\/wp-content\/uploads\/2024\/09\/czujnik-cisnienia.png&#8221; image_size=&#8221;full&#8221; align=&#8221;center&#8221;][vc_column_text disable_pattern=&#8221;false&#8221; css=&#8221;.vc_custom_1728755170824{margin-bottom: 0px !important;}&#8221;]Sensor integrado de presi\u00f3n y temperatura del gas PMT-01 con 2 sensores independientes: presi\u00f3n del gas y vac\u00edo en el colector de admisi\u00f3n.[\/vc_column_text][\/vc_column][\/vc_row][vc_row][vc_column][mk_padding_divider][\/vc_column][\/vc_row][mk_page_section border_color=&#8221;#38913a&#8221; attachment=&#8221;fixed&#8221; bg_stretch=&#8221;true&#8221; min_height=&#8221;50&#8243; full_width=&#8221;true&#8221; padding_top=&#8221;20&#8243; padding_bottom=&#8221;0&#8243; margin_bottom=&#8221;20&#8243; sidebar=&#8221;sidebar-1&#8243;][vc_column][mk_fancy_title color=&#8221;#fdfdfd&#8221; size=&#8221;25&#8243; letter_spacing=&#8221;3&#8243; margin_bottom=&#8221;0&#8243; font_family=&#8221;none&#8221; align=&#8221;center&#8221;]\n<h3 style=\"text-align: center;\"><strong><a href=\"\/controllers\/\">RESUMEN DE FUNCIONES Y OPCIONES DE LOS CONTROLADORES 4SAVE<\/a><\/strong><\/h3>\n[\/mk_fancy_title][\/vc_column][\/mk_page_section]\n<\/div>","protected":false},"excerpt":{"rendered":"<p>[mk_page_section bg_color=&#8221;#902e8d&#8221; bg_stretch=&#8221;true&#8221; min_height=&#8221;50&#8243; full_width=&#8221;true&#8221; padding_top=&#8221;20&#8243; padding_bottom=&#8221;0&#8243; margin_bottom=&#8221;20&#8243; sidebar=&#8221;sidebar-1&#8243;][vc_column][mk_fancy_title strip_tags=&#8221;true&#8221; color=&#8221;#fdfdfd&#8221; size=&#8221;30&#8243; letter_spacing=&#8221;&#8230;<\/p>\n","protected":false},"author":1,"featured_media":0,"parent":58,"menu_order":0,"comment_status":"closed","ping_status":"closed","template":"","meta":{"footnotes":""},"class_list":["post-273","page","type-page","status-publish","hentry"],"_links":{"self":[{"href":"https:\/\/4save.pl\/es_ES\/wp-json\/wp\/v2\/pages\/273","targetHints":{"allow":["GET"]}}],"collection":[{"href":"https:\/\/4save.pl\/es_ES\/wp-json\/wp\/v2\/pages"}],"about":[{"href":"https:\/\/4save.pl\/es_ES\/wp-json\/wp\/v2\/types\/page"}],"author":[{"embeddable":true,"href":"https:\/\/4save.pl\/es_ES\/wp-json\/wp\/v2\/users\/1"}],"replies":[{"embeddable":true,"href":"https:\/\/4save.pl\/es_ES\/wp-json\/wp\/v2\/comments?post=273"}],"version-history":[{"count":17,"href":"https:\/\/4save.pl\/es_ES\/wp-json\/wp\/v2\/pages\/273\/revisions"}],"predecessor-version":[{"id":630,"href":"https:\/\/4save.pl\/es_ES\/wp-json\/wp\/v2\/pages\/273\/revisions\/630"}],"up":[{"embeddable":true,"href":"https:\/\/4save.pl\/es_ES\/wp-json\/wp\/v2\/pages\/58"}],"wp:attachment":[{"href":"https:\/\/4save.pl\/es_ES\/wp-json\/wp\/v2\/media?parent=273"}],"curies":[{"name":"wp","href":"https:\/\/api.w.org\/{rel}","templated":true}]}}