{"id":52,"date":"2024-08-16T14:24:32","date_gmt":"2024-08-16T14:24:32","guid":{"rendered":"http:\/\/temp.4save.pl\/?page_id=52"},"modified":"2024-10-23T13:58:06","modified_gmt":"2024-10-23T13:58:06","slug":"controller-max","status":"publish","type":"page","link":"https:\/\/4save.pl\/en_GB\/controllers\/controller-max\/","title":{"rendered":"Controller MAX"},"content":{"rendered":"<div class=\"wpb-content-wrapper\">[mk_page_section bg_color=&#8221;#e81413&#8243; bg_stretch=&#8221;true&#8221; min_height=&#8221;50&#8243; full_width=&#8221;true&#8221; padding_top=&#8221;20&#8243; padding_bottom=&#8221;0&#8243; margin_bottom=&#8221;20&#8243; sidebar=&#8221;sidebar-1&#8243;][vc_column][mk_fancy_title strip_tags=&#8221;true&#8221; color=&#8221;#fdfdfd&#8221; size=&#8221;30&#8243; letter_spacing=&#8221;3&#8243; margin_bottom=&#8221;0&#8243; font_family=&#8221;none&#8221; align=&#8221;center&#8221;]\n<h2 style=\"text-align: center;\">Controller MAX<\/h2>\n[\/mk_fancy_title][\/vc_column][\/mk_page_section][mk_page_section bg_position=&#8221;center center&#8221; min_height=&#8221;160&#8243; padding_top=&#8221;20&#8243; padding_bottom=&#8221;0&#8243; sidebar=&#8221;sidebar-1&#8243;][vc_column][mk_image src=&#8221;https:\/\/4save.pl\/wp-content\/uploads\/2024\/10\/systems.png&#8221; image_width=&#8221;950&#8243; image_height=&#8221;450&#8243; align=&#8221;center&#8221; crop=&#8221;false&#8221;][\/vc_column][\/mk_page_section][mk_page_section padding_top=&#8221;0&#8243; padding_bottom=&#8221;0&#8243; sidebar=&#8221;sidebar-1&#8243;][vc_column][mk_image src=&#8221;http:\/\/4save.pl\/wp-content\/uploads\/2024\/10\/controler-4save-eu-max-en.png&#8221; image_size=&#8221;full&#8221; align=&#8221;center&#8221; crop=&#8221;false&#8221;][\/vc_column][\/mk_page_section][mk_page_section el_class=&#8221;brak&#8221; sidebar=&#8221;sidebar-1&#8243;][vc_column][vc_row_inner][vc_column_inner][vc_column_text disable_pattern=&#8221;false&#8221; css=&#8221;.vc_custom_1725811484349{margin-bottom: 0px !important;}&#8221;]\n<h3>Zalety<\/h3>\n<ul>\n<li>56 pinowy sterownik LPG\/CNG\u00a0 z wbudowanym OBD (CAN I K-LINE),<\/li>\n<li>dedykowany do najbardziej wymagaj\u0105cych 8 cylindrowych silnik\u00f3w,<\/li>\n<li>automatyczny system autoadaptacji (tune<sub>OBD<\/sub>), dwa niezale\u017cne banki,<\/li>\n<li>rozbudowany skaner OBD z automatycznym kasowaniem b\u0142\u0119d\u00f3w,<\/li>\n<li>mo\u017cliwo\u015b\u0107 rozbudowy o dodatkowe urz\u0105dzenia zewn\u0119trzne,<\/li>\n<li>algorytm zabezpieczaj\u0105cy przed klonowaniem,<\/li>\n<li>wbudowany emulator ci\u015bnienia paliwa oraz poziomu paliwa,<\/li>\n<li>mo\u017cliwo\u015b\u0107 pod\u0142\u0105czenia dw\u00f3ch s\u0105d lambda napi\u0119ciowych,<\/li>\n<li>szczelna aluminiowa obudowa<\/li>\n<\/ul>\n[\/vc_column_text][\/vc_column_inner][\/vc_row_inner][\/vc_column][\/mk_page_section][mk_page_section bg_position=&#8221;center center&#8221; bg_repeat=&#8221;no-repeat&#8221; min_height=&#8221;200&#8243; js_vertical_centered=&#8221;true&#8221; sidebar=&#8221;sidebar-1&#8243;][vc_column][vc_row_inner attached=&#8221;true&#8221; is_fullwidth_content=&#8221;false&#8221; css=&#8221;.vc_custom_1725809606504{background-color: #e81413 !important;}&#8221; el_class=&#8221;info-color-bg&#8221;][vc_column_inner][mk_fancy_title color=&#8221;#fdfdfd&#8221; size=&#8221;20&#8243; margin_bottom=&#8221;0&#8243; font_family=&#8221;none&#8221; align=&#8221;center&#8221;]\n<p style=\"text-align: center;\">Max is a controller designed especially for the most advanced 1-8 cyl. engines with sequential fuel injection.<\/p>\n[\/mk_fancy_title][\/vc_column_inner][\/vc_row_inner][\/vc_column][\/mk_page_section][vc_row][vc_column][vc_column_text disable_pattern=&#8221;false&#8221; el_class=&#8221;red-check-h3&#8243; css=&#8221;.vc_custom_1728508079641{margin-bottom: 0px !important;}&#8221;]\n<h3>32-bit processor<\/h3>\n<p>Our systems are controlled by a state-of-the-art <strong>32-bit<\/strong>\u00a0processor, which is used in the\u00a0automotive\u00a0industry and fitted as standard in OEM vehicle computers.<\/p>\n<p>&nbsp;<\/p>\n<h3>OBD (CAN and K-LINE)<\/h3>\n<p>Built-In OBD Communication Module is compatible with the following protocols:<\/p>\n<ul>\n<li>ISO 9141-2<\/li>\n<li>ISO 14230-4 5 baud<\/li>\n<li>ISO 14230-4 fast init<\/li>\n<li>CAN STD 250K<\/li>\n<li>CAN STD 500K<\/li>\n<li>CAN EXT 250K<\/li>\n<li>CAN EXT 500K<\/li>\n<\/ul>\n<p>Due to our extensive compatibility with OBD protocols, our ECU can be connected to the majority of modern vehicles.<strong>\u00a0<\/strong><\/p>\n<p>&nbsp;<\/p>\n<h3>Auto-adaptation system (tune<sub>OBD<\/sub>)<\/h3>\n<p>The Auto-Adaptation System (tune) automatically adjusts the ECU to optimal working parameters, to allow the engine to receive the correct fuel mixture without the vehicle\u2019s diagnostic system detecting errors. The algorithm uses the settings from the OBD in the\u00a0\u2018<strong>online\u2019 mode<\/strong>.<\/p>\n<p>&nbsp;<\/p>\n<h3>Impeccable Accuracy<\/h3>\n<p>Thanks to the application of the high-end 32bit processor, the signals can be precisely measured. This is vital when it comes to the Petrol Injection Signal, which is measured to a 0,001 [ms] \u2013\u00a0<strong>1 microsecond.<\/strong><\/p>\n<p>&nbsp;<\/p>\n<h3>Dynamic correction maps<\/h3>\n<p>Our controller is equipped with a variety of additional configuration options, allowing the setting of Dynamic Correction Maps:<\/p>\n<ul>\n<li>Dynamic RPM correction map<\/li>\n<li>Dynamic gas pressure correction map, gas temperature, reducer temperature<\/li>\n<li>Additional petrol injection map <strong><u>(valve safety, assists in the reduction of valve seat recession)<\/u><\/strong><\/li>\n<\/ul>\n<p>With these options, even the most demanding vehicles can be easily and transparently calibrated for optimum performance.<\/p>\n<p>&nbsp;<\/p>\n<h3>OBD scanner, automatic error constellation<\/h3>\n<p>Our ECU has a built in OBD Scan Tool Facility, through which the engine\u2019s working parameters and fuel trims are monitored, and fuelling corrections automatically made. Our ECU is wired directly to the rear of the OBD Port and can erase any OBD errors registered during the vehicle\u2019s drive cycle.<\/p>\n<p>&nbsp;<\/p>\n<h3>4SAVE Soft \u2013 diagnostic program<\/h3>\n<p>Our systems are built with a state-of-the-art, user-friendly diagnostic program. The program automatically adjusts to your computer screen and allows for clear system configuration. <strong>Our program may be customised with your company logo and brand name. <\/strong> Our system can be easily connected to your computer via USB or Bluetooth.[\/vc_column_text][mk_padding_divider size=&#8221;20&#8243;][\/vc_column][\/vc_row][mk_page_section bg_color=&#8221;#e81413&#8243; bg_stretch=&#8221;true&#8221; min_height=&#8221;50&#8243; full_width=&#8221;true&#8221; padding_top=&#8221;20&#8243; padding_bottom=&#8221;0&#8243; sidebar=&#8221;sidebar-1&#8243;][vc_column][mk_fancy_title strip_tags=&#8221;true&#8221; color=&#8221;#fdfdfd&#8221; size=&#8221;30&#8243; letter_spacing=&#8221;3&#8243; margin_bottom=&#8221;0&#8243; font_family=&#8221;none&#8221; align=&#8221;center&#8221;]\n<h2 style=\"text-align: center;\">4SAVE system components<\/h2>\n[\/mk_fancy_title][\/vc_column][\/mk_page_section][vc_row][vc_column][mk_padding_divider size=&#8221;20&#8243;][vc_column_text disable_pattern=&#8221;false&#8221; css=&#8221;.vc_custom_1728508107283{margin-bottom: 0px !important;}&#8221;]\n<h3 style=\"text-align: center;\">LPG\/CNG Controller<\/h3>\n[\/vc_column_text][mk_image src=&#8221;http:\/\/4save.pl\/wp-content\/uploads\/2024\/09\/sterownik-4save-max-8.png&#8221; image_size=&#8221;full&#8221; align=&#8221;center&#8221;][\/vc_column][\/vc_row][vc_row][vc_column width=&#8221;1\/3&#8243;][mk_image src=&#8221;http:\/\/4save.pl\/wp-content\/uploads\/2024\/09\/panel.png&#8221; image_size=&#8221;full&#8221; align=&#8221;center&#8221;][vc_column_text disable_pattern=&#8221;false&#8221; css=&#8221;.vc_custom_1728508142846{margin-bottom: 0px !important;}&#8221;]A modern and progressive digital control panel is installed in the driver\u2019s cabin with an integrated buzzer to indicate Low Gas Level and a LED indicator for Full Gas Level. An additional LED is included to signal any system errors. With our special connectors, the installation of the stylish control panel is quick and easy.[\/vc_column_text][\/vc_column][vc_column width=&#8221;1\/3&#8243;][mk_image src=&#8221;http:\/\/4save.pl\/wp-content\/uploads\/2024\/09\/wiazka56.png&#8221; image_size=&#8221;full&#8221; align=&#8221;center&#8221;][vc_column_text disable_pattern=&#8221;false&#8221; css=&#8221;.vc_custom_1728508153720{margin-bottom: 0px !important;}&#8221;]A high quality wire connector set, allowing for quick and easy installation, thanks to our optimally combined wires.[\/vc_column_text][\/vc_column][vc_column width=&#8221;1\/3&#8243;][mk_image src=&#8221;http:\/\/4save.pl\/wp-content\/uploads\/2024\/09\/czujnik-cisnienia.png&#8221; image_size=&#8221;full&#8221; align=&#8221;center&#8221;][vc_column_text disable_pattern=&#8221;false&#8221; css=&#8221;.vc_custom_1728508163210{margin-bottom: 0px !important;}&#8221;]\n<p style=\"text-align: left;\">Integrated gas pressure and gas temperature sensor PMT-01, which has 2 independent gas pressure sensors and a vacuum sensor in the intake manifold.<\/p>\n[\/vc_column_text][\/vc_column][\/vc_row][vc_row][vc_column][mk_padding_divider][\/vc_column][\/vc_row][mk_page_section border_color=&#8221;#38913a&#8221; attachment=&#8221;fixed&#8221; bg_stretch=&#8221;true&#8221; min_height=&#8221;50&#8243; full_width=&#8221;true&#8221; padding_top=&#8221;20&#8243; padding_bottom=&#8221;0&#8243; margin_bottom=&#8221;20&#8243; sidebar=&#8221;sidebar-1&#8243;][vc_column][mk_fancy_title color=&#8221;#fdfdfd&#8221; size=&#8221;25&#8243; letter_spacing=&#8221;3&#8243; margin_bottom=&#8221;0&#8243; font_family=&#8221;none&#8221; align=&#8221;center&#8221;]\n<h3 style=\"text-align: center;\"><strong><a href=\"\/controllers\/\">4SAVE ECU FUNCTIONS AND OPTIONS<\/a><\/strong><\/h3>\n[\/mk_fancy_title][\/vc_column][\/mk_page_section]\n<\/div>","protected":false},"excerpt":{"rendered":"<p>[mk_page_section bg_color=&#8221;#e81413&#8243; bg_stretch=&#8221;true&#8221; min_height=&#8221;50&#8243; full_width=&#8221;true&#8221; padding_top=&#8221;20&#8243; padding_bottom=&#8221;0&#8243; margin_bottom=&#8221;20&#8243; sidebar=&#8221;sidebar-1&#8243;][vc_column][mk_fancy_title strip_tags=&#8221;true&#8221; color=&#8221;#fdfdfd&#8221; size=&#8221;30&#8243; letter_spacing=&#8221;&#8230;<\/p>\n","protected":false},"author":1,"featured_media":0,"parent":58,"menu_order":0,"comment_status":"closed","ping_status":"closed","template":"","meta":{"footnotes":""},"class_list":["post-52","page","type-page","status-publish","hentry"],"_links":{"self":[{"href":"https:\/\/4save.pl\/en_GB\/wp-json\/wp\/v2\/pages\/52","targetHints":{"allow":["GET"]}}],"collection":[{"href":"https:\/\/4save.pl\/en_GB\/wp-json\/wp\/v2\/pages"}],"about":[{"href":"https:\/\/4save.pl\/en_GB\/wp-json\/wp\/v2\/types\/page"}],"author":[{"embeddable":true,"href":"https:\/\/4save.pl\/en_GB\/wp-json\/wp\/v2\/users\/1"}],"replies":[{"embeddable":true,"href":"https:\/\/4save.pl\/en_GB\/wp-json\/wp\/v2\/comments?post=52"}],"version-history":[{"count":44,"href":"https:\/\/4save.pl\/en_GB\/wp-json\/wp\/v2\/pages\/52\/revisions"}],"predecessor-version":[{"id":632,"href":"https:\/\/4save.pl\/en_GB\/wp-json\/wp\/v2\/pages\/52\/revisions\/632"}],"up":[{"embeddable":true,"href":"https:\/\/4save.pl\/en_GB\/wp-json\/wp\/v2\/pages\/58"}],"wp:attachment":[{"href":"https:\/\/4save.pl\/en_GB\/wp-json\/wp\/v2\/media?parent=52"}],"curies":[{"name":"wp","href":"https:\/\/api.w.org\/{rel}","templated":true}]}}